{"id":3678,"date":"2025-10-30T16:06:41","date_gmt":"2025-10-30T15:06:41","guid":{"rendered":"https:\/\/www.poinger.de\/?post_type=product&#038;p=3678"},"modified":"2026-02-24T17:43:08","modified_gmt":"2026-02-24T16:43:08","slug":"levelone-ipcam36xz-ptz-dome-camera-5mp-fcs-4080","status":"publish","type":"product","link":"https:\/\/www.poinger.de\/es\/product\/levelone-ipcam36xz-ptz-dome-camera-5mp-fcs-4080\/","title":{"rendered":"LevelOne IPCam36xZ PTZ Dome Camera FCS-4080"},"content":{"rendered":"<div class=\"product attribute overview\">\n<div class=\"value\">\n<ul>\n<li>HUBBLE C\u00e1mara de red IP PTZ,<\/li>\n<li>5-Megapixel, H.265,<\/li>\n<li>indicadores LED IR, 36X Optical Zoom- Resoluci\u00f3n de alta definici\u00f3n de 5 megap\u00edxeles<br \/>\n&#8211; Compresi\u00f3n de v\u00eddeo: H.264, H.265, MJPEG<br \/>\n&#8211; Admite zoom \u00f3ptico 36X<br \/>\n&#8211; LED infrarrojos integrados para visualizaci\u00f3n nocturna hasta 150 m<br \/>\n&#8211; Carcasa con grado de protecci\u00f3n IP66 contra meteorolog\u00eda adversa<br \/>\n&#8211; Carcasa con un \u00edndice IK10 a prueba de v\u00e1ndalos<\/li>\n<\/ul>\n<\/div>\n<\/div>","protected":false},"excerpt":{"rendered":"<h4>Out <span dir=\"auto\"><span class=\"\" dir=\"auto\">H.265\/IR\/56W\/PoE\/IP66<\/span><\/span><\/h4>\n<h3><\/h3>\n<h3>*The price on display is a standard value. <a href=\"https:\/\/www.poinger.de\/es\/contact\/\">Click here<\/a> to request\u00a0for the accurate price<\/h3>","protected":false},"featured_media":3701,"comment_status":"closed","ping_status":"closed","template":"","meta":{"_uag_custom_page_level_css":"","site-sidebar-layout":"default","site-content-layout":"default","ast-site-content-layout":"default","site-content-style":"default","site-sidebar-style":"default","ast-global-header-display":"","ast-banner-title-visibility":"","ast-main-header-display":"disabled","ast-hfb-above-header-display":"","ast-hfb-below-header-display":"","ast-hfb-mobile-header-display":"","site-post-title":"","ast-breadcrumbs-content":"","ast-featured-img":"","footer-sml-layout":"","ast-disable-related-posts":"","theme-transparent-header-meta":"default","adv-header-id-meta":"","stick-header-meta":"","header-above-stick-meta":"","header-main-stick-meta":"","header-below-stick-meta":"","astra-migrate-meta-layouts":"default","ast-page-background-enabled":"default","ast-page-background-meta":{"desktop":{"background-color":"","background-image":"","background-repeat":"repeat","background-position":"center center","background-size":"auto","background-attachment":"scroll","background-type":"","background-media":"","overlay-type":"","overlay-color":"","overlay-opacity":"","overlay-gradient":""},"tablet":{"background-color":"","background-image":"","background-repeat":"repeat","background-position":"center center","background-size":"auto","background-attachment":"scroll","background-type":"","background-media":"","overlay-type":"","overlay-color":"","overlay-opacity":"","overlay-gradient":""},"mobile":{"background-color":"","background-image":"","background-repeat":"repeat","background-position":"center center","background-size":"auto","background-attachment":"scroll","background-type":"","background-media":"","overlay-type":"","overlay-color":"","overlay-opacity":"","overlay-gradient":""}},"ast-content-background-meta":{"desktop":{"background-color":"var(--ast-global-color-5)","background-image":"","background-repeat":"repeat","background-position":"center center","background-size":"auto","background-attachment":"scroll","background-type":"","background-media":"","overlay-type":"","overlay-color":"","overlay-opacity":"","overlay-gradient":""},"tablet":{"background-color":"var(--ast-global-color-5)","background-image":"","background-repeat":"repeat","background-position":"center center","background-size":"auto","background-attachment":"scroll","background-type":"","background-media":"","overlay-type":"","overlay-color":"","overlay-opacity":"","overlay-gradient":""},"mobile":{"background-color":"var(--ast-global-color-5)","background-image":"","background-repeat":"repeat","background-position":"center center","background-size":"auto","background-attachment":"scroll","background-type":"","background-media":"","overlay-type":"","overlay-color":"","overlay-opacity":"","overlay-gradient":""}}},"product_brand":[52],"product_cat":[68],"product_tag":[],"class_list":{"0":"post-3678","1":"product","2":"type-product","3":"status-publish","4":"has-post-thumbnail","6":"product_brand-levelone","7":"product_cat-camera","8":"desktop-align-left","9":"tablet-align-left","10":"mobile-align-left","12":"first","13":"instock","14":"sale","15":"downloadable","16":"shipping-taxable","17":"purchasable","18":"product-type-simple"},"uagb_featured_image_src":{"full":["https:\/\/www.poinger.de\/wp-content\/uploads\/2025\/10\/41038744_4569294841-scaled.webp",2560,1920,false],"thumbnail":["https:\/\/www.poinger.de\/wp-content\/uploads\/2025\/10\/41038744_4569294841-150x113.webp",150,113,true],"medium":["https:\/\/www.poinger.de\/wp-content\/uploads\/2025\/10\/41038744_4569294841-300x225.webp",300,225,true],"medium_large":["https:\/\/www.poinger.de\/wp-content\/uploads\/2025\/10\/41038744_4569294841-768x576.webp",768,576,true],"large":["https:\/\/www.poinger.de\/wp-content\/uploads\/2025\/10\/41038744_4569294841-1024x768.webp",1024,768,true],"1536x1536":["https:\/\/www.poinger.de\/wp-content\/uploads\/2025\/10\/41038744_4569294841-1536x1152.webp",1536,1152,true],"2048x2048":["https:\/\/www.poinger.de\/wp-content\/uploads\/2025\/10\/41038744_4569294841-2048x1536.webp",2048,1536,true],"trp-custom-language-flag":["https:\/\/www.poinger.de\/wp-content\/uploads\/2025\/10\/41038744_4569294841-16x12.webp",16,12,true],"mailpoet_newsletter_max":["https:\/\/www.poinger.de\/wp-content\/uploads\/2025\/10\/41038744_4569294841-1320x990.webp",1320,990,true],"woocommerce_thumbnail":["https:\/\/www.poinger.de\/wp-content\/uploads\/2025\/10\/41038744_4569294841-300x300.webp",300,300,true],"woocommerce_single":["https:\/\/www.poinger.de\/wp-content\/uploads\/2025\/10\/41038744_4569294841-600x450.webp",600,450,true],"woocommerce_gallery_thumbnail":["https:\/\/www.poinger.de\/wp-content\/uploads\/2025\/10\/41038744_4569294841-100x100.webp",100,100,true]},"uagb_author_info":{"display_name":"Dianabel Cardet Ricardo","author_link":"https:\/\/www.poinger.de\/es\/author\/"},"uagb_comment_info":0,"uagb_excerpt":"Out H.265\/IR\/56W\/PoE\/IP66 *The price on display is a standard value. Click here to request\u00a0for the accurate price","_links":{"self":[{"href":"https:\/\/www.poinger.de\/es\/wp-json\/wp\/v2\/product\/3678","targetHints":{"allow":["GET"]}}],"collection":[{"href":"https:\/\/www.poinger.de\/es\/wp-json\/wp\/v2\/product"}],"about":[{"href":"https:\/\/www.poinger.de\/es\/wp-json\/wp\/v2\/types\/product"}],"replies":[{"embeddable":true,"href":"https:\/\/www.poinger.de\/es\/wp-json\/wp\/v2\/comments?post=3678"}],"wp:featuredmedia":[{"embeddable":true,"href":"https:\/\/www.poinger.de\/es\/wp-json\/wp\/v2\/media\/3701"}],"wp:attachment":[{"href":"https:\/\/www.poinger.de\/es\/wp-json\/wp\/v2\/media?parent=3678"}],"wp:term":[{"taxonomy":"product_brand","embeddable":true,"href":"https:\/\/www.poinger.de\/es\/wp-json\/wp\/v2\/product_brand?post=3678"},{"taxonomy":"product_cat","embeddable":true,"href":"https:\/\/www.poinger.de\/es\/wp-json\/wp\/v2\/product_cat?post=3678"},{"taxonomy":"product_tag","embeddable":true,"href":"https:\/\/www.poinger.de\/es\/wp-json\/wp\/v2\/product_tag?post=3678"}],"curies":[{"name":"wp","href":"https:\/\/api.w.org\/{rel}","templated":true}]}}