{"id":2140,"date":"2023-05-22T15:40:44","date_gmt":"2023-05-22T13:40:44","guid":{"rendered":"https:\/\/dev.poinger.de\/?page_id=2140"},"modified":"2023-10-24T17:16:28","modified_gmt":"2023-10-24T15:16:28","slug":"security-centralization","status":"publish","type":"page","link":"https:\/\/www.poinger.de\/es\/security-centralization\/","title":{"rendered":"Centralizaci\u00f3n de Seguridad"},"content":{"rendered":"<div class=\"wp-block-uagb-container uagb-block-61197d86 alignfull uagb-is-root-container\"><div class=\"uagb-container-inner-blocks-wrap\">\n<div class=\"wp-block-uagb-advanced-heading uagb-block-414ca9a2\"><h1 class=\"uagb-heading-text\">Centralizaci\u00f3n de Seguridad<\/h1><\/div>\n<\/div><\/div>\n\n\n\n<div class=\"wp-block-group is-layout-constrained wp-block-group-is-layout-constrained\">\n<div class=\"wp-block-uagb-advanced-heading uagb-block-49264501\"><h2 class=\"uagb-heading-text\">Controlling your security from one place<\/h2><\/div>\n\n\n\n<p>Experimente el extraordinario poder de nuestro Software de Control que permite el control centralizado de diferentes instalaciones de seguridad sin l\u00edmites. Nuestra soluci\u00f3n integral integra CCTV, sistemas de detecci\u00f3n de incendios, sistemas de alarma contra intrusos y control de acceso, brindando capacidades de control y gesti\u00f3n incomparables. Con nuestras caracter\u00edsticas innovadoras y tecnolog\u00eda avanzada, garantizamos el m\u00e1s alto nivel de seguridad y protecci\u00f3n para sus instalaciones.<\/p>\n<\/div>\n\n\n\n<div class=\"wp-block-uagb-advanced-heading uagb-block-e938af55\"><h2 class=\"uagb-heading-text\">Caracter\u00edsticas Principales<\/h2><\/div>\n\n\n\n<div class=\"wp-block-uagb-container uagb-block-48b5459c alignfull uagb-is-root-container\"><div class=\"uagb-container-inner-blocks-wrap\">\n<div class=\"wp-block-uagb-container uagb-block-5f56c42e alignfull uagb-is-root-container\"><div class=\"uagb-container-inner-blocks-wrap\">\n<div class=\"wp-block-uagb-info-box uagb-block-02f0dff6 uagb-infobox__content-wrap  uagb-infobox-icon-above-title uagb-infobox-image-valign-top\"><div class=\"uagb-ifb-content\"><div class=\"uagb-ifb-title-wrap\"><div class=\"uagb-ifb-separator\"><\/div><h4 class=\"uagb-ifb-title\">Potente Software de Control<\/h4><\/div><p class=\"uagb-ifb-desc\">Nuestro software de control ofrece caracter\u00edsticas y funcionalidades s\u00f3lidas que le permiten controlar completamente su infraestructura de seguridad. Con una interfaz f\u00e1cil de usar y controles intuitivos, puede administrar y monitorear sus sistemas de seguridad desde una ubicaci\u00f3n centralizada.<\/p><\/div><\/div>\n\n\n\n<div class=\"wp-block-uagb-info-box uagb-block-ae578127 uagb-infobox__content-wrap  uagb-infobox-icon-above-title uagb-infobox-image-valign-top\"><div class=\"uagb-ifb-content\"><div class=\"uagb-ifb-title-wrap\"><div class=\"uagb-ifb-separator\"><\/div><h4 class=\"uagb-ifb-title\">Capacidad de Integraci\u00f3n Excepcional (CCTV, SACI, SADI, CA)<\/h4><\/div><p class=\"uagb-ifb-desc\">Nuestra soluci\u00f3n de Centralizaci\u00f3n de Seguridad se destaca en la integraci\u00f3n de sistemas CCTV, alarmas contra intrusos, sistemas de control de acceso y alarmas contra incendios. Integra sin problemas estos componentes cr\u00edticos de seguridad en un plan integral. Benef\u00edciese de una mayor conciencia situacional, una gesti\u00f3n simplificada y una respuesta r\u00e1pida a los incidentes de seguridad.&nbsp;<\/p><\/div><\/div>\n\n\n\n<div class=\"wp-block-uagb-info-box uagb-block-2ddbca71 uagb-infobox__content-wrap  uagb-infobox-icon-above-title uagb-infobox-image-valign-top\"><div class=\"uagb-ifb-content\"><div class=\"uagb-ifb-title-wrap\"><div class=\"uagb-ifb-separator\"><\/div><h4 class=\"uagb-ifb-title\">Opciones de Programaci\u00f3n Flexibles<\/h4><\/div><p class=\"uagb-ifb-desc\">Personalice su sistema de seguridad con nuestras opciones de programaci\u00f3n flexibles. Elija entre programaci\u00f3n local o remota, lo que le permitir\u00e1 configurar y ajustar los ajustes seg\u00fan sus preferencias. Esta flexibilidad garantiza una f\u00e1cil gesti\u00f3n del sistema y un funcionamiento eficiente.<\/p><\/div><\/div>\n<\/div><\/div>\n\n\n\n<div class=\"wp-block-uagb-container uagb-block-d27443c0 alignfull uagb-is-root-container\"><div class=\"uagb-container-inner-blocks-wrap\">\n<div class=\"wp-block-uagb-info-box uagb-block-5c081e60 uagb-infobox__content-wrap  uagb-infobox-icon-above-title uagb-infobox-image-valign-top\"><div class=\"uagb-ifb-content\"><div class=\"uagb-ifb-title-wrap\"><div class=\"uagb-ifb-separator\"><\/div><h4 class=\"uagb-ifb-title\">Control Centralizado sin L\u00edmites<\/h4><\/div><p class=\"uagb-ifb-desc\">Nuestra soluci\u00f3n de Centralizaci\u00f3n de Seguridad le permite controlar y gestionar diversas instalaciones de seguridad sin limitaciones. Ya sea que tenga varias ubicaciones, edificios o departamentos, nuestro software proporciona una integraci\u00f3n perfecta, lo que garantiza una gesti\u00f3n de seguridad eficiente y eficaz en toda su organizaci\u00f3n.<\/p><\/div><\/div>\n\n\n\n<div class=\"wp-block-uagb-info-box uagb-block-224d987f uagb-infobox__content-wrap  uagb-infobox-icon-above-title uagb-infobox-image-valign-top\"><div class=\"uagb-ifb-content\"><div class=\"uagb-ifb-title-wrap\"><div class=\"uagb-ifb-separator\"><\/div><h4 class=\"uagb-ifb-title\">Integraci\u00f3n de CCTV<\/h4><\/div><p class=\"uagb-ifb-desc\">Nuestra soluci\u00f3n de centralizaci\u00f3n de seguridad se integra perfectamente con sus sistemas de CCTV, lo que permite funciones de monitoreo, grabaci\u00f3n y reproducci\u00f3n en tiempo real. Puede controlar una cantidad ilimitada de c\u00e1maras, lo que garantiza una cobertura de vigilancia integral. Supervise las transmisiones de varias c\u00e1maras simult\u00e1neamente y responda r\u00e1pidamente a los incidentes para mejorar la seguridad.<\/p><\/div><\/div>\n\n\n\n<div class=\"wp-block-uagb-info-box uagb-block-95803c37 uagb-infobox__content-wrap  uagb-infobox-icon-above-title uagb-infobox-image-valign-top\"><div class=\"uagb-ifb-content\"><div class=\"uagb-ifb-title-wrap\"><div class=\"uagb-ifb-separator\"><\/div><h4 class=\"uagb-ifb-title\">Configuraci\u00f3n de Punto Cableado o Inal\u00e1mbrico<\/h4><\/div><p class=\"uagb-ifb-desc\">Elija la configuraci\u00f3n que se adapte a sus necesidades con nuestras opciones flexibles de puntos cableados o inal\u00e1mbricos. Ya sea que prefiera la confiabilidad de las conexiones por cable o la flexibilidad de las instalaciones inal\u00e1mbricas, nuestra soluci\u00f3n se adapta a ambas, permiti\u00e9ndole adaptar el sistema a sus requisitos espec\u00edficos.<\/p><\/div><\/div>\n<\/div><\/div>\n<\/div><\/div>\n\n\n\n<div class=\"wp-block-uagb-slider uagb-block-cc7c0ca1 uagb-slider-container\"><div class=\"uagb-slides uagb-swiper\"><div class=\"swiper-wrapper\">\n<div class=\"wp-block-uagb-slider-child uagb-slider-child-wrap swiper-slide uagb-block-874d370b\"><div class=\"swiper-content\">\n<div class=\"wp-block-uagb-container uagb-block-895e40c6 alignfull uagb-is-root-container\"><div class=\"uagb-container-inner-blocks-wrap\">\n<div class=\"wp-block-uagb-info-box uagb-block-46c9dafe uagb-infobox__content-wrap  uagb-infobox-icon-left uagb-infobox-left uagb-infobox-stacked-tablet uagb-infobox-image-valign-middle\"><div class=\"uagb-ifb-image-content\"><img loading=\"lazy\" decoding=\"async\" src=\"https:\/\/www.poinger.de\/wp-content\/uploads\/2023\/05\/cs1.png\" alt=\"\" width=\"50\" height=\"29\"\/><\/div><div class=\"uagb-ifb-content\"><div class=\"uagb-ifb-title-wrap\"><h3 class=\"uagb-ifb-title\">Sistemas de Seguridad Centralizados<\/h3><\/div><p class=\"uagb-ifb-desc\">Software de gesti\u00f3n que soporta e integra diversos sistemas de seguridad, SACI, SADI, Control de Accesos, CCTV, Barreras, etc.<br><a href=\"http:\/\/poinger.de\/core\/index.php?op=security#carouselExampleIndicators\"><\/a><\/p><\/div><\/div>\n<\/div><\/div>\n<\/div><\/div>\n\n\n\n<div class=\"wp-block-uagb-slider-child uagb-slider-child-wrap swiper-slide uagb-block-f0bfd652\"><div class=\"swiper-content\">\n<div class=\"wp-block-uagb-container uagb-block-ccc3762f alignfull uagb-is-root-container\"><div class=\"uagb-container-inner-blocks-wrap\">\n<div class=\"wp-block-uagb-info-box uagb-block-c19d3aae uagb-infobox__content-wrap  uagb-infobox-icon-left uagb-infobox-left uagb-infobox-stacked-tablet uagb-infobox-image-valign-middle\"><div class=\"uagb-ifb-image-content\"><img loading=\"lazy\" decoding=\"async\" src=\"https:\/\/www.poinger.de\/wp-content\/uploads\/2023\/05\/cs2.png\" alt=\"\" width=\"50\" height=\"28\"\/><\/div><div class=\"uagb-ifb-content\"><div class=\"uagb-ifb-title-wrap\"><h3 class=\"uagb-ifb-title\">Soluciones ilimitadas<\/h3><\/div><p class=\"uagb-ifb-desc\">Control centralizado de diferentes instalaciones y dispositivos de seguridad ilimitados integrados en el sistema.<\/p><\/div><\/div>\n<\/div><\/div>\n<\/div><\/div>\n\n\n\n<div class=\"wp-block-uagb-slider-child uagb-slider-child-wrap swiper-slide uagb-block-d3e85fe9\"><div class=\"swiper-content\">\n<div class=\"wp-block-uagb-container uagb-block-ba119ebd alignfull uagb-is-root-container\"><div class=\"uagb-container-inner-blocks-wrap\">\n<div class=\"wp-block-uagb-info-box uagb-block-26eb0f79 uagb-infobox__content-wrap  uagb-infobox-icon-left uagb-infobox-left uagb-infobox-stacked-tablet uagb-infobox-image-valign-middle\"><div class=\"uagb-ifb-image-content\"><img loading=\"lazy\" decoding=\"async\" src=\"https:\/\/www.poinger.de\/wp-content\/uploads\/2023\/05\/cs3.jpg\" alt=\"\" width=\"50\" height=\"26\"\/><\/div><div class=\"uagb-ifb-content\"><div class=\"uagb-ifb-title-wrap\"><h3 class=\"uagb-ifb-title\">Mapeado<\/h3><\/div><p class=\"uagb-ifb-desc\">El sistema tambi\u00e9n ofrece la posibilidad de crear un mapa de ubicaci\u00f3n con la representaci\u00f3n de los dispositivos para una mejor comprensi\u00f3n de su distribuci\u00f3n.<br><a href=\"http:\/\/poinger.de\/core\/index.php?op=security#carouselExampleIndicators\"><\/a><\/p><\/div><\/div>\n<\/div><\/div>\n<\/div><\/div>\n<\/div><\/div><div class=\"swiper-pagination\"><\/div><div class=\"swiper-button-prev\"><\/div><div class=\"swiper-button-next\"><\/div><\/div>\n\n\n\n<div class=\"wp-block-uagb-container uagb-block-f456df94 alignfull uagb-is-root-container\"><div class=\"uagb-container-inner-blocks-wrap\">\n<div class=\"wp-block-uagb-container uagb-block-42cc9de5 alignfull uagb-is-root-container\"><div class=\"uagb-container-inner-blocks-wrap\">\n<div class=\"wp-block-uagb-advanced-heading uagb-block-ebb48a43\"><h4 class=\"uagb-heading-text\">Need help with Security Solutions? Don&#8217;t wait \u2013 talk to your personal Poinger representative!\u200b<\/h4><\/div>\n<\/div><\/div>\n\n\n\n<div class=\"wp-block-uagb-container uagb-block-fdb5ed4f alignfull uagb-is-root-container\"><div class=\"uagb-container-inner-blocks-wrap\">\n<div class=\"wp-block-uagb-buttons uagb-buttons__outer-wrap uagb-btn__default-btn uagb-btn-tablet__default-btn uagb-btn-mobile__default-btn uagb-block-59a12ecd\"><div class=\"uagb-buttons__wrap uagb-buttons-layout-wrap\">\n<div class=\"wp-block-uagb-buttons-child uagb-buttons__outer-wrap uagb-block-24f911a1 wp-block-button\"><div class=\"uagb-button__wrapper\"><a class=\"uagb-buttons-repeater wp-block-button__link\" href=\"https:\/\/www.poinger.de\/es\/contact\/\" onclick=\"return true;\" rel=\"follow noopener\" target=\"_self\"><div class=\"uagb-button__link\">Cont\u00e1ctenos<\/div><\/a><\/div><\/div>\n<\/div><\/div>\n<\/div><\/div>\n<\/div><\/div>","protected":false},"excerpt":{"rendered":"<p>Security Centralization Controlling your security from one place Experience the extraordinary power of our Control Software that enables centralized control of different security facilities without limits. Our comprehensive solution integrates CCTV, Fire Detection Systems, Intrusion Alarm Systems, and Access Control, providing unparalleled control and management capabilities. With our innovative features and advanced technology, we ensure [&hellip;]<\/p>\n","protected":false},"author":4,"featured_media":0,"parent":0,"menu_order":0,"comment_status":"closed","ping_status":"closed","template":"","meta":{"_uag_custom_page_level_css":"","site-sidebar-layout":"default","site-content-layout":"","ast-site-content-layout":"default","site-content-style":"default","site-sidebar-style":"default","ast-global-header-display":"","ast-banner-title-visibility":"","ast-main-header-display":"","ast-hfb-above-header-display":"","ast-hfb-below-header-display":"","ast-hfb-mobile-header-display":"","site-post-title":"","ast-breadcrumbs-content":"","ast-featured-img":"","footer-sml-layout":"","ast-disable-related-posts":"","theme-transparent-header-meta":"","adv-header-id-meta":"","stick-header-meta":"","header-above-stick-meta":"","header-main-stick-meta":"","header-below-stick-meta":"","astra-migrate-meta-layouts":"default","ast-page-background-enabled":"default","ast-page-background-meta":{"desktop":{"background-color":"","background-image":"","background-repeat":"repeat","background-position":"center center","background-size":"auto","background-attachment":"scroll","background-type":"","background-media":"","overlay-type":"","overlay-color":"","overlay-opacity":"","overlay-gradient":""},"tablet":{"background-color":"","background-image":"","background-repeat":"repeat","background-position":"center center","background-size":"auto","background-attachment":"scroll","background-type":"","background-media":"","overlay-type":"","overlay-color":"","overlay-opacity":"","overlay-gradient":""},"mobile":{"background-color":"","background-image":"","background-repeat":"repeat","background-position":"center center","background-size":"auto","background-attachment":"scroll","background-type":"","background-media":"","overlay-type":"","overlay-color":"","overlay-opacity":"","overlay-gradient":""}},"ast-content-background-meta":{"desktop":{"background-color":"var(--ast-global-color-5)","background-image":"","background-repeat":"repeat","background-position":"center center","background-size":"auto","background-attachment":"scroll","background-type":"","background-media":"","overlay-type":"","overlay-color":"","overlay-opacity":"","overlay-gradient":""},"tablet":{"background-color":"var(--ast-global-color-5)","background-image":"","background-repeat":"repeat","background-position":"center center","background-size":"auto","background-attachment":"scroll","background-type":"","background-media":"","overlay-type":"","overlay-color":"","overlay-opacity":"","overlay-gradient":""},"mobile":{"background-color":"var(--ast-global-color-5)","background-image":"","background-repeat":"repeat","background-position":"center center","background-size":"auto","background-attachment":"scroll","background-type":"","background-media":"","overlay-type":"","overlay-color":"","overlay-opacity":"","overlay-gradient":""}},"footnotes":""},"class_list":["post-2140","page","type-page","status-publish","hentry"],"uagb_featured_image_src":{"full":false,"thumbnail":false,"medium":false,"medium_large":false,"large":false,"1536x1536":false,"2048x2048":false,"trp-custom-language-flag":false,"mailpoet_newsletter_max":false,"woocommerce_thumbnail":false,"woocommerce_single":false,"woocommerce_gallery_thumbnail":false},"uagb_author_info":{"display_name":"Jeanny Marivi Ch\u00e1vez Camaraza","author_link":"https:\/\/www.poinger.de\/es\/author\/jeanny\/"},"uagb_comment_info":0,"uagb_excerpt":"Security Centralization Controlling your security from one place Experience the extraordinary power of our Control Software that enables centralized control of different security facilities without limits. Our comprehensive solution integrates CCTV, Fire Detection Systems, Intrusion Alarm Systems, and Access Control, providing unparalleled control and management capabilities. With our innovative features and advanced technology, we ensure&hellip;","_links":{"self":[{"href":"https:\/\/www.poinger.de\/es\/wp-json\/wp\/v2\/pages\/2140","targetHints":{"allow":["GET"]}}],"collection":[{"href":"https:\/\/www.poinger.de\/es\/wp-json\/wp\/v2\/pages"}],"about":[{"href":"https:\/\/www.poinger.de\/es\/wp-json\/wp\/v2\/types\/page"}],"author":[{"embeddable":true,"href":"https:\/\/www.poinger.de\/es\/wp-json\/wp\/v2\/users\/4"}],"replies":[{"embeddable":true,"href":"https:\/\/www.poinger.de\/es\/wp-json\/wp\/v2\/comments?post=2140"}],"version-history":[{"count":27,"href":"https:\/\/www.poinger.de\/es\/wp-json\/wp\/v2\/pages\/2140\/revisions"}],"predecessor-version":[{"id":2974,"href":"https:\/\/www.poinger.de\/es\/wp-json\/wp\/v2\/pages\/2140\/revisions\/2974"}],"wp:attachment":[{"href":"https:\/\/www.poinger.de\/es\/wp-json\/wp\/v2\/media?parent=2140"}],"curies":[{"name":"wp","href":"https:\/\/api.w.org\/{rel}","templated":true}]}}