{"id":2088,"date":"2023-05-11T23:18:37","date_gmt":"2023-05-11T21:18:37","guid":{"rendered":"https:\/\/dev.poinger.de\/?page_id=2088"},"modified":"2023-10-24T17:39:19","modified_gmt":"2023-10-24T15:39:19","slug":"lightning-protection-and-grounding-systems","status":"publish","type":"page","link":"https:\/\/www.poinger.de\/es\/lightning-protection-and-grounding-systems\/","title":{"rendered":"Sistemas de Aterramiento y Protecci\u00f3n Contra Rayos"},"content":{"rendered":"<div class=\"wp-block-uagb-container uagb-block-c2eb2a68 alignfull uagb-is-root-container\"><div class=\"uagb-container-inner-blocks-wrap\">\n<div class=\"wp-block-uagb-advanced-heading uagb-block-a2ee46f4\"><h1 class=\"uagb-heading-text\"><strong>Sistemas de Aterramiento y Protecci\u00f3n Contra Rayos<\/strong><\/h1><\/div>\n<\/div><\/div>\n\n\n\n<div class=\"wp-block-group is-layout-constrained wp-block-group-is-layout-constrained\">\n<div class=\"wp-block-uagb-advanced-heading uagb-block-c4398c7b\"><h2 class=\"uagb-heading-text\">Keeping you safe from electrical surges<\/h2><\/div>\n\n\n\n<p>Los rayos pueden causar da\u00f1os importantes a edificios, estructuras y otras propiedades, adem\u00e1s de poner en peligro la vida humana.<br>Proporcionamos sistemas avanzados de protecci\u00f3n contra rayos y puesta a tierra que est\u00e1n dise\u00f1ados para minimizar el riesgo de da\u00f1os causados por rayos y sobretensiones el\u00e9ctricas, garantizando la seguridad de su propiedad, equipos y ocupantes.<br><br>Proteja su espacio del poder destructivo de los rayos con nuestros avanzados sistemas de protecci\u00f3n contra rayos y puesta a tierra.<\/p>\n<\/div>\n\n\n\n<div class=\"wp-block-uagb-advanced-heading uagb-block-e93ef0be\"><h2 class=\"uagb-heading-text\">Lo que ofrecemos<\/h2><\/div>\n\n\n\n<div class=\"wp-block-uagb-container uagb-block-ee0dc7c0 alignfull uagb-is-root-container\"><div class=\"uagb-container-inner-blocks-wrap\">\n<div class=\"wp-block-uagb-container uagb-block-ed86e47c alignfull uagb-is-root-container\"><div class=\"uagb-container-inner-blocks-wrap\">\n<div class=\"wp-block-uagb-info-box uagb-block-23eb504d uagb-infobox__content-wrap  uagb-infobox-icon-above-title uagb-infobox-image-valign-top\"><div class=\"uagb-ifb-content\"><div class=\"uagb-ifb-title-wrap\"><div class=\"uagb-ifb-separator\"><\/div><h4 class=\"uagb-ifb-title\">Protecci\u00f3n Contra Rayos<\/h4><\/div><p class=\"uagb-ifb-desc\">Las descargas el\u00e9ctricas representan una amenaza importante para las estructuras y la seguridad de las personas que se encuentran dentro de ellas. Nuestros sistemas de pararrayos est\u00e1n dise\u00f1ados para salvaguardar su espacio al proporcionar una ruta de baja resistencia para que fluya la energ\u00eda del rayo, desvi\u00e1ndola de manera segura de las \u00e1reas vulnerables. Con nuestro enfoque integral, minimizamos el riesgo de da\u00f1os causados por rayos directos y sobretensiones el\u00e9ctricas asociadas.<\/p><\/div><\/div>\n\n\n\n<div class=\"wp-block-uagb-info-box uagb-block-b0f6f875 uagb-infobox__content-wrap  uagb-infobox-icon-above-title uagb-infobox-image-valign-top\"><div class=\"uagb-ifb-content\"><div class=\"uagb-ifb-title-wrap\"><div class=\"uagb-ifb-separator\"><\/div><h4 class=\"uagb-ifb-title\">Materiales y Tecnolog\u00eda de Alta Calidad<\/h4><\/div><p class=\"uagb-ifb-desc\">Utilizamos materiales y tecnolog\u00eda de primera calidad en nuestros Sistemas de Protecci\u00f3n contra Rayos y Puesta a Tierra. Desde pararrayos y conductores duraderos hasta dispositivos avanzados de protecci\u00f3n contra sobretensiones, nos aseguramos de que cada componente cumpla con los m\u00e1s altos est\u00e1ndares de confiabilidad y rendimiento. Nuestros sistemas est\u00e1n dise\u00f1ados para soportar condiciones clim\u00e1ticas extremas y brindar protecci\u00f3n duradera contra rayos.<\/p><\/div><\/div>\n\n\n\n<div class=\"wp-block-uagb-info-box uagb-block-3ca2e655 uagb-infobox__content-wrap  uagb-infobox-icon-above-title uagb-infobox-image-valign-top\"><div class=\"uagb-ifb-content\"><div class=\"uagb-ifb-title-wrap\"><div class=\"uagb-ifb-separator\"><\/div><h4 class=\"uagb-ifb-title\">Cumplimiento de los Est\u00e1ndares de la Industria<\/h4><\/div><p class=\"uagb-ifb-desc\">Cumplimos con los est\u00e1ndares de la industria y las mejores pr\u00e1cticas para sistemas de protecci\u00f3n contra rayos y aterramiento. Nuestras soluciones cumplen con c\u00f3digos y regulaciones reconocidos para brindarle el m\u00e1s alto nivel de seguridad y tranquilidad. Tenga la seguridad de que su sistema cumplir\u00e1 o superar\u00e1 los requisitos de la industria, garantizando la m\u00e1xima protecci\u00f3n para su espacio.<\/p><\/div><\/div>\n<\/div><\/div>\n\n\n\n<div class=\"wp-block-uagb-container uagb-block-adb4141f alignfull uagb-is-root-container\"><div class=\"uagb-container-inner-blocks-wrap\">\n<div class=\"wp-block-uagb-info-box uagb-block-bdc15620 uagb-infobox__content-wrap  uagb-infobox-icon-above-title uagb-infobox-image-valign-top\"><div class=\"uagb-ifb-content\"><div class=\"uagb-ifb-title-wrap\"><div class=\"uagb-ifb-separator\"><\/div><h4 class=\"uagb-ifb-title\">Puesta a Tierra<\/h4><\/div><p class=\"uagb-ifb-desc\">Una conexi\u00f3n a tierra adecuada es esencial para proteger su propiedad y sus equipos de sobretensiones el\u00e9ctricas y fluctuaciones de voltaje. Nuestros Sistemas de Puesta a Tierra establecen una conexi\u00f3n confiable a tierra, disipando efectivamente las sobretensiones el\u00e9ctricas y minimizando el riesgo de peligros el\u00e9ctricos. Al garantizar una ruta de baja impedancia para las corrientes de falla, mejoramos la seguridad de sus sistemas el\u00e9ctricos y reducimos el riesgo de da\u00f1os a equipos sensibles.<\/p><\/div><\/div>\n\n\n\n<div class=\"wp-block-uagb-info-box uagb-block-203970bf uagb-infobox__content-wrap  uagb-infobox-icon-above-title uagb-infobox-image-valign-top\"><div class=\"uagb-ifb-content\"><div class=\"uagb-ifb-title-wrap\"><div class=\"uagb-ifb-separator\"><\/div><h4 class=\"uagb-ifb-title\">Herramientas Profesionales<\/h4><\/div><p class=\"uagb-ifb-desc\">Tambi\u00e9n ofrecemos una amplia gama de herramientas profesionales para garantizar la adecuada verificaci\u00f3n e instalaci\u00f3n de sistemas de protecci\u00f3n contra rayos y puesta a tierra. Entendemos la importancia de la exactitud y la precisi\u00f3n cuando se trata de puesta a tierra y nos dedicamos a equipar a nuestros clientes con las herramientas necesarias para instalaciones eficientes y confiables.<br><\/p><\/div><\/div>\n\n\n\n<div class=\"wp-block-uagb-info-box uagb-block-161124ba uagb-infobox__content-wrap  uagb-infobox-icon-above-title uagb-infobox-image-valign-top\"><div class=\"uagb-ifb-content\"><div class=\"uagb-ifb-title-wrap\"><div class=\"uagb-ifb-separator\"><\/div><h4 class=\"uagb-ifb-title\">Soporte Continuo y Capacitaciones.<\/h4><\/div><p class=\"uagb-ifb-desc\">Brindamos capacitaci\u00f3n integral sobre el funcionamiento del sistema y ofrecemos soporte continuo para abordar cualquier pregunta o inquietud que pueda tener. Nuestro objetivo es garantizar que su sistema de protecci\u00f3n contra rayos y puesta a tierra funcione de manera \u00f3ptima, brind\u00e1ndole el m\u00e1s alto nivel de protecci\u00f3n contra da\u00f1os relacionados con rayos.<\/p><\/div><\/div>\n<\/div><\/div>\n<\/div><\/div>\n\n\n\n<div class=\"wp-block-uagb-container uagb-block-bd056226 alignfull uagb-is-root-container\"><div class=\"uagb-container-inner-blocks-wrap\">\n<div class=\"wp-block-uagb-container uagb-block-85b7c191\">\n<div class=\"wp-block-group is-layout-constrained wp-block-group-is-layout-constrained\">\n<div class=\"wp-block-uagb-advanced-heading uagb-block-3a718e7b\"><h2 class=\"uagb-heading-text\">Protecci\u00f3n Interna<\/h2><\/div>\n\n\n\n<div class=\"wp-block-uagb-image aligncenter uagb-block-fef2015e wp-block-uagb-image--layout-default wp-block-uagb-image--effect-static wp-block-uagb-image--align-center\"><figure class=\"wp-block-uagb-image__figure\"><img loading=\"lazy\" decoding=\"async\" srcset=\"https:\/\/www.poinger.de\/wp-content\/uploads\/2023\/05\/exteriores.jpg \" sizes=\"auto, (max-width: 480px) 150px\" src=\"https:\/\/www.poinger.de\/wp-content\/uploads\/2023\/05\/exteriores.jpg\" alt=\"\" class=\"uag-image-2143\" width=\"435\" height=\"379\" title=\"\"\/><\/figure><\/div>\n<\/div>\n<\/div>\n\n\n\n<div class=\"wp-block-uagb-container uagb-block-751d25c0\">\n<div class=\"wp-block-group is-layout-constrained wp-block-group-is-layout-constrained\">\n<div class=\"wp-block-uagb-advanced-heading uagb-block-b2e205a0\"><h2 class=\"uagb-heading-text\">Protecci\u00f3n Externa<\/h2><\/div>\n\n\n\n<div class=\"wp-block-uagb-image aligncenter uagb-block-9a7c35d5 wp-block-uagb-image--layout-default wp-block-uagb-image--effect-static wp-block-uagb-image--align-center\"><figure class=\"wp-block-uagb-image__figure\"><img loading=\"lazy\" decoding=\"async\" srcset=\"https:\/\/www.poinger.de\/wp-content\/uploads\/2023\/05\/interiores.jpg \" sizes=\"auto, (max-width: 480px) 150px\" src=\"https:\/\/www.poinger.de\/wp-content\/uploads\/2023\/05\/interiores.jpg\" alt=\"\" class=\"uag-image-2144\" width=\"435\" height=\"379\" title=\"\"\/><\/figure><\/div>\n<\/div>\n<\/div>\n<\/div><\/div>\n\n\n\n<div class=\"wp-block-uagb-container uagb-block-ecb10914 alignfull uagb-is-root-container\"><div class=\"uagb-container-inner-blocks-wrap\">\n<div class=\"wp-block-uagb-advanced-heading uagb-block-26bec25f\"><h2 class=\"uagb-heading-text\">Equipos de Medici\u00f3n y Verificaci\u00f3n de Sistemas de Aterramiento.<\/h2><\/div>\n\n\n\n<div class=\"wp-block-uagb-image aligncenter uagb-block-95d815dd wp-block-uagb-image--layout-default wp-block-uagb-image--effect-static wp-block-uagb-image--align-center\"><figure class=\"wp-block-uagb-image__figure\"><img loading=\"lazy\" decoding=\"async\" srcset=\"https:\/\/www.poinger.de\/wp-content\/uploads\/2023\/05\/mediciones-1024x395.jpg \" sizes=\"auto, (max-width: 480px) 150px\" src=\"https:\/\/www.poinger.de\/wp-content\/uploads\/2023\/05\/mediciones-1024x395.jpg\" alt=\"\" class=\"uag-image-2145\" width=\"1024\" height=\"395\" title=\"\"\/><\/figure><\/div>\n<\/div><\/div>\n\n\n\n<div class=\"wp-block-uagb-container uagb-block-cea9fa90 alignfull uagb-is-root-container\"><div class=\"uagb-container-inner-blocks-wrap\">\n<div class=\"wp-block-uagb-container uagb-block-ca5f2118 alignfull uagb-is-root-container\"><div class=\"uagb-container-inner-blocks-wrap\">\n<div class=\"wp-block-uagb-advanced-heading uagb-block-b72c51ef\"><h4 class=\"uagb-heading-text\">Need Help with Lightning Protection and Grounding Solutions? Don&#8217;t wait \u2013 talk to your personal Poinger representative!\u200b<\/h4><\/div>\n<\/div><\/div>\n\n\n\n<div class=\"wp-block-uagb-container uagb-block-834fbe8a alignfull uagb-is-root-container\"><div class=\"uagb-container-inner-blocks-wrap\">\n<div class=\"wp-block-uagb-buttons uagb-buttons__outer-wrap uagb-btn__default-btn uagb-btn-tablet__default-btn uagb-btn-mobile__default-btn uagb-block-548abc10\"><div class=\"uagb-buttons__wrap uagb-buttons-layout-wrap\">\n<div class=\"wp-block-uagb-buttons-child uagb-buttons__outer-wrap uagb-block-2daf1182 wp-block-button\"><div class=\"uagb-button__wrapper\"><a class=\"uagb-buttons-repeater wp-block-button__link\" href=\"https:\/\/www.poinger.de\/es\/contact\/\" onclick=\"return true;\" rel=\"follow noopener\" target=\"_self\"><div class=\"uagb-button__link\">Cont\u00e1ctenos<\/div><\/a><\/div><\/div>\n<\/div><\/div>\n<\/div><\/div>\n<\/div><\/div>","protected":false},"excerpt":{"rendered":"<p>Lightning Protection and Grounding Systems Keeping you safe from electrical surges Lightning strikes can cause significant damage to buildings, structures, and other property, as well as endangering human life.We provide advanced Lightning Protection and Grounding Systems that are designed to minimize the risk of damage from lightning strikes and electrical surges, ensuring the safety of [&hellip;]<\/p>\n","protected":false},"author":4,"featured_media":0,"parent":0,"menu_order":0,"comment_status":"closed","ping_status":"closed","template":"","meta":{"_uag_custom_page_level_css":"","site-sidebar-layout":"default","site-content-layout":"","ast-site-content-layout":"default","site-content-style":"default","site-sidebar-style":"default","ast-global-header-display":"","ast-banner-title-visibility":"","ast-main-header-display":"","ast-hfb-above-header-display":"","ast-hfb-below-header-display":"","ast-hfb-mobile-header-display":"","site-post-title":"","ast-breadcrumbs-content":"","ast-featured-img":"","footer-sml-layout":"","ast-disable-related-posts":"","theme-transparent-header-meta":"","adv-header-id-meta":"","stick-header-meta":"","header-above-stick-meta":"","header-main-stick-meta":"","header-below-stick-meta":"","astra-migrate-meta-layouts":"default","ast-page-background-enabled":"default","ast-page-background-meta":{"desktop":{"background-color":"","background-image":"","background-repeat":"repeat","background-position":"center center","background-size":"auto","background-attachment":"scroll","background-type":"","background-media":"","overlay-type":"","overlay-color":"","overlay-opacity":"","overlay-gradient":""},"tablet":{"background-color":"","background-image":"","background-repeat":"repeat","background-position":"center center","background-size":"auto","background-attachment":"scroll","background-type":"","background-media":"","overlay-type":"","overlay-color":"","overlay-opacity":"","overlay-gradient":""},"mobile":{"background-color":"","background-image":"","background-repeat":"repeat","background-position":"center center","background-size":"auto","background-attachment":"scroll","background-type":"","background-media":"","overlay-type":"","overlay-color":"","overlay-opacity":"","overlay-gradient":""}},"ast-content-background-meta":{"desktop":{"background-color":"var(--ast-global-color-5)","background-image":"","background-repeat":"repeat","background-position":"center center","background-size":"auto","background-attachment":"scroll","background-type":"","background-media":"","overlay-type":"","overlay-color":"","overlay-opacity":"","overlay-gradient":""},"tablet":{"background-color":"var(--ast-global-color-5)","background-image":"","background-repeat":"repeat","background-position":"center center","background-size":"auto","background-attachment":"scroll","background-type":"","background-media":"","overlay-type":"","overlay-color":"","overlay-opacity":"","overlay-gradient":""},"mobile":{"background-color":"var(--ast-global-color-5)","background-image":"","background-repeat":"repeat","background-position":"center center","background-size":"auto","background-attachment":"scroll","background-type":"","background-media":"","overlay-type":"","overlay-color":"","overlay-opacity":"","overlay-gradient":""}},"footnotes":""},"class_list":["post-2088","page","type-page","status-publish","hentry"],"uagb_featured_image_src":{"full":false,"thumbnail":false,"medium":false,"medium_large":false,"large":false,"1536x1536":false,"2048x2048":false,"trp-custom-language-flag":false,"mailpoet_newsletter_max":false,"woocommerce_thumbnail":false,"woocommerce_single":false,"woocommerce_gallery_thumbnail":false},"uagb_author_info":{"display_name":"Jeanny Marivi Ch\u00e1vez Camaraza","author_link":"https:\/\/www.poinger.de\/es\/author\/jeanny\/"},"uagb_comment_info":0,"uagb_excerpt":"Lightning Protection and Grounding Systems Keeping you safe from electrical surges Lightning strikes can cause significant damage to buildings, structures, and other property, as well as endangering human life.We provide advanced Lightning Protection and Grounding Systems that are designed to minimize the risk of damage from lightning strikes and electrical surges, ensuring the safety of&hellip;","_links":{"self":[{"href":"https:\/\/www.poinger.de\/es\/wp-json\/wp\/v2\/pages\/2088","targetHints":{"allow":["GET"]}}],"collection":[{"href":"https:\/\/www.poinger.de\/es\/wp-json\/wp\/v2\/pages"}],"about":[{"href":"https:\/\/www.poinger.de\/es\/wp-json\/wp\/v2\/types\/page"}],"author":[{"embeddable":true,"href":"https:\/\/www.poinger.de\/es\/wp-json\/wp\/v2\/users\/4"}],"replies":[{"embeddable":true,"href":"https:\/\/www.poinger.de\/es\/wp-json\/wp\/v2\/comments?post=2088"}],"version-history":[{"count":7,"href":"https:\/\/www.poinger.de\/es\/wp-json\/wp\/v2\/pages\/2088\/revisions"}],"predecessor-version":[{"id":2976,"href":"https:\/\/www.poinger.de\/es\/wp-json\/wp\/v2\/pages\/2088\/revisions\/2976"}],"wp:attachment":[{"href":"https:\/\/www.poinger.de\/es\/wp-json\/wp\/v2\/media?parent=2088"}],"curies":[{"name":"wp","href":"https:\/\/api.w.org\/{rel}","templated":true}]}}