{"id":2063,"date":"2023-05-11T22:48:10","date_gmt":"2023-05-11T20:48:10","guid":{"rendered":"https:\/\/dev.poinger.de\/?page_id=2063"},"modified":"2025-11-10T03:47:30","modified_gmt":"2025-11-10T02:47:30","slug":"acces-control-systems","status":"publish","type":"page","link":"https:\/\/www.poinger.de\/es\/acces-control-systems\/","title":{"rendered":"Sistemas de Controls de Acceso"},"content":{"rendered":"<div class=\"wp-block-uagb-container uagb-block-b2740c01 alignfull uagb-is-root-container\"><div class=\"uagb-container-inner-blocks-wrap\">\n<div class=\"wp-block-uagb-advanced-heading uagb-block-d79f2d43\"><h1 class=\"uagb-heading-text\">Sistemas de Controls de Acceso<\/h1><\/div>\n<\/div><\/div>\n\n\n\n<div class=\"wp-block-group is-layout-constrained wp-block-group-is-layout-constrained\">\n<div class=\"wp-block-uagb-advanced-heading uagb-block-8b352d2e\"><h2 class=\"uagb-heading-text\">Control de Acceso Simplificado: Proteger, Administrar y Monitorear<\/h2><\/div>\n\n\n\n<p>Tome el control de su propiedad con nuestros sistemas de Control de Acceso dise\u00f1ados para acentuar la seguridad y operaciones aerodin\u00e1micas, as\u00ed como proveer paz mental. En Poinger ofrecemos un rango integral de soluciones de control de acceso que le permite monitorear sus propiedades con facilidad. Nuestro equipo de expertos se especializa en proveer sistemas eficientes que combinan tecnolog\u00eda con funcionalidad contundente e interfaces de f\u00e1cil uso.<\/p>\n<\/div>\n\n\n\n<div class=\"wp-block-uagb-advanced-heading uagb-block-c9c03982\"><h2 class=\"uagb-heading-text\">Lo que ofrecemos<\/h2><\/div>\n\n\n\n<div class=\"wp-block-uagb-container uagb-block-96717ed3 alignfull uagb-is-root-container\"><div class=\"uagb-container-inner-blocks-wrap\">\n<div class=\"wp-block-uagb-container uagb-block-88fe7d5f alignfull uagb-is-root-container\"><div class=\"uagb-container-inner-blocks-wrap\">\n<div class=\"wp-block-uagb-info-box uagb-block-9444099e uagb-infobox__content-wrap  uagb-infobox-icon-above-title uagb-infobox-image-valign-top\"><div class=\"uagb-ifb-content\"><div class=\"uagb-ifb-title-wrap\"><div class=\"uagb-ifb-separator\"><\/div><h4 class=\"uagb-ifb-title\">Seguridad Optimizada<\/h4><\/div><p class=\"uagb-ifb-desc\">Nuestros sistemas de control de acceso est\u00e1n dise\u00f1ados para proteger sus instalaciones y evitar entradas no autorizada. Ya sea que necesite proteger un \u00fanico punto de entrada o administrar m\u00faltiples puntos de acceso, nuestras soluciones brindan medidas de seguridad s\u00f3lidas adaptadas a sus necesidades espec\u00edficas. Desde autenticaci\u00f3n biom\u00e9trica y lectores de tarjetas inteligentes hasta c\u00f3digos PIN y llaveros, ofrecemos una variedad de m\u00e9todos de acceso seguro que se adaptan a sus necesidades.<\/p><\/div><\/div>\n\n\n\n<div class=\"wp-block-uagb-info-box uagb-block-e12dbfbf uagb-infobox__content-wrap  uagb-infobox-icon-above-title uagb-infobox-image-valign-top\"><div class=\"uagb-ifb-content\"><div class=\"uagb-ifb-title-wrap\"><div class=\"uagb-ifb-separator\"><\/div><h4 class=\"uagb-ifb-title\">Capacidades de Integraci\u00f3n<\/h4><\/div><p class=\"uagb-ifb-desc\">Entendemos que su infraestructura de seguridad puede constar de varios componentes. Es por eso que, nuestros sistemas de control de acceso est\u00e1n dise\u00f1ados para integrarse perfectamente con otros sistemas de seguridad, como CCTV y alarmas anti-intrusos. Esta integraci\u00f3n permite una soluci\u00f3n de seguridad integral, donde todos los sistemas trabajan juntos de manera sin\u00e9rgica para brindar protecci\u00f3n y eficiencia mejoradas.<\/p><\/div><\/div>\n\n\n\n<div class=\"wp-block-uagb-info-box uagb-block-ca5d1737 uagb-infobox__content-wrap  uagb-infobox-icon-above-title uagb-infobox-image-valign-top\"><div class=\"uagb-ifb-content\"><div class=\"uagb-ifb-title-wrap\"><div class=\"uagb-ifb-separator\"><\/div><h4 class=\"uagb-ifb-title\">Escalabilidad y flexibilidad<\/h4><\/div><p class=\"uagb-ifb-desc\">Nuestros sistemas de control de acceso son altamente escalables, lo que les permite crecer con sus necesidades. Ya sea que tenga una oficina peque\u00f1a o una empresa de gran escala, nuestras soluciones pueden adaptarse para satisfacer sus necesidades. Adem\u00e1s, nuestros sistemas ofrecen flexibilidad en t\u00e9rminos de niveles de acceso y permisos, lo que le permite otorgar diferentes niveles de acceso a diferentes personas seg\u00fan sus funciones y responsabilidades.<\/p><\/div><\/div>\n<\/div><\/div>\n\n\n\n<div class=\"wp-block-uagb-container uagb-block-750b37b3 alignfull uagb-is-root-container\"><div class=\"uagb-container-inner-blocks-wrap\">\n<div class=\"wp-block-uagb-info-box uagb-block-e4ad29eb uagb-infobox__content-wrap  uagb-infobox-icon-above-title uagb-infobox-image-valign-top\"><div class=\"uagb-ifb-content\"><div class=\"uagb-ifb-title-wrap\"><div class=\"uagb-ifb-separator\"><\/div><h4 class=\"uagb-ifb-title\">Operaciones Optimizadas<\/h4><\/div><p class=\"uagb-ifb-desc\">Nuestros sistemas de control de acceso van m\u00e1s all\u00e1 de la seguridad.  Agilizan y optimizan  sus operaciones al proporcionar una gesti\u00f3n eficiente de derechos y permisos de acceso. Con interfaces intuitivas y herramientas administrativas, puede otorgar o revocar acceso f\u00e1cilmente, crear horarios de acceso personalizados y realizar un seguimiento de la actividad de los usuarios. Este nivel de control garantiza un flujo fluido de personas autorizadas y al mismo tiempo mantiene un entorno seguro.<\/p><\/div><\/div>\n\n\n\n<div class=\"wp-block-uagb-info-box uagb-block-b2e658aa uagb-infobox__content-wrap  uagb-infobox-icon-above-title uagb-infobox-image-valign-top\"><div class=\"uagb-ifb-content\"><div class=\"uagb-ifb-title-wrap\"><div class=\"uagb-ifb-separator\"><\/div><h4 class=\"uagb-ifb-title\">Seguimiento de Cumplimiento y Auditor\u00eda<\/h4><\/div><p class=\"uagb-ifb-desc\">Nuestros sistemas de control de acceso lo ayudan a cumplir con los requisitos reglamentarios y mantener el cumplimiento. Con seguimientos de auditor\u00eda y registros de actividad detallados, puede realizar un seguimiento de los eventos de acceso, monitorear la actividad de los usuarios y generar informes con fines de cumplimiento. Esta transparencia no s\u00f3lo mejora la seguridad sino que tambi\u00e9n le proporciona informaci\u00f3n valiosa sobre los patrones de acceso y las posibles vulnerabilidades.<\/p><\/div><\/div>\n\n\n\n<div class=\"wp-block-uagb-info-box uagb-block-b996e514 uagb-infobox__content-wrap  uagb-infobox-icon-above-title uagb-infobox-image-valign-top\"><div class=\"uagb-ifb-content\"><div class=\"uagb-ifb-title-wrap\"><div class=\"uagb-ifb-separator\"><\/div><h4 class=\"uagb-ifb-title\">Supervisi\u00f3n de Instalaci\u00f3n y Soporte Profesional<\/h4><\/div><p class=\"uagb-ifb-desc\">Nuestro equipo de t\u00e9cnicos capacitados se asegurar\u00e1 de que su sistema de control de acceso se instale de manera profesional, se configure correctamente y se integre perfectamente con su infraestructura existente. Brindamos capacitaci\u00f3n integral sobre el funcionamiento del sistema y ofrecemos soporte continuo para abordar cualquier pregunta o inquietud que pueda tener. Nuestro objetivo es garantizar que su sistema de control de acceso funcione sin problemas, brindando seguridad confiable y tranquilidad.<\/p><\/div><\/div>\n<\/div><\/div>\n<\/div><\/div>\n\n\n\n<div class=\"wp-block-uagb-container uagb-block-cc0aaef5 alignfull uagb-is-root-container\"><div class=\"uagb-container-inner-blocks-wrap\">\n<div class=\"wp-block-uagb-container uagb-block-9f6f0ca3 alignfull uagb-is-root-container\"><div class=\"uagb-container-inner-blocks-wrap\">\n<div class=\"wp-block-uagb-advanced-heading uagb-block-fe925e7c\"><h4 class=\"uagb-heading-text\">Need help with access control solutions? Don&#8217;t wait \u2013 talk to your personal Poinger representative!\u200b<\/h4><\/div>\n<\/div><\/div>\n\n\n\n<div class=\"wp-block-uagb-container uagb-block-5b2cacdd alignfull uagb-is-root-container\"><div class=\"uagb-container-inner-blocks-wrap\">\n<div class=\"wp-block-uagb-buttons uagb-buttons__outer-wrap uagb-btn__default-btn uagb-btn-tablet__default-btn uagb-btn-mobile__default-btn uagb-block-3c3ea230\"><div class=\"uagb-buttons__wrap uagb-buttons-layout-wrap\">\n<div class=\"wp-block-uagb-buttons-child uagb-buttons__outer-wrap uagb-block-b09135fe wp-block-button\"><div class=\"uagb-button__wrapper\"><a class=\"uagb-buttons-repeater wp-block-button__link\" href=\"https:\/\/www.poinger.de\/es\/contact\/\" onclick=\"return true;\" rel=\"follow noopener\" target=\"_self\"><div class=\"uagb-button__link\">Cont\u00e1ctenos<\/div><\/a><\/div><\/div>\n<\/div><\/div>\n<\/div><\/div>\n<\/div><\/div>","protected":false},"excerpt":{"rendered":"<p>Access control systems Access Control Simplified: Protect, Manage, and Monitor Take control of your space with our advanced Access Control systems designed to enhance security, streamline operations, and provide peace of mind. At Poinger, we offer a comprehensive range of access control solutions that empower you to manage and monitor access to your premises with [&hellip;]<\/p>\n","protected":false},"author":4,"featured_media":0,"parent":0,"menu_order":0,"comment_status":"closed","ping_status":"closed","template":"","meta":{"_uag_custom_page_level_css":"","site-sidebar-layout":"default","site-content-layout":"","ast-site-content-layout":"default","site-content-style":"default","site-sidebar-style":"default","ast-global-header-display":"","ast-banner-title-visibility":"","ast-main-header-display":"","ast-hfb-above-header-display":"","ast-hfb-below-header-display":"","ast-hfb-mobile-header-display":"","site-post-title":"","ast-breadcrumbs-content":"","ast-featured-img":"","footer-sml-layout":"","ast-disable-related-posts":"","theme-transparent-header-meta":"","adv-header-id-meta":"","stick-header-meta":"","header-above-stick-meta":"","header-main-stick-meta":"","header-below-stick-meta":"","astra-migrate-meta-layouts":"default","ast-page-background-enabled":"default","ast-page-background-meta":{"desktop":{"background-color":"","background-image":"","background-repeat":"repeat","background-position":"center center","background-size":"auto","background-attachment":"scroll","background-type":"","background-media":"","overlay-type":"","overlay-color":"","overlay-opacity":"","overlay-gradient":""},"tablet":{"background-color":"","background-image":"","background-repeat":"repeat","background-position":"center center","background-size":"auto","background-attachment":"scroll","background-type":"","background-media":"","overlay-type":"","overlay-color":"","overlay-opacity":"","overlay-gradient":""},"mobile":{"background-color":"","background-image":"","background-repeat":"repeat","background-position":"center center","background-size":"auto","background-attachment":"scroll","background-type":"","background-media":"","overlay-type":"","overlay-color":"","overlay-opacity":"","overlay-gradient":""}},"ast-content-background-meta":{"desktop":{"background-color":"var(--ast-global-color-5)","background-image":"","background-repeat":"repeat","background-position":"center center","background-size":"auto","background-attachment":"scroll","background-type":"","background-media":"","overlay-type":"","overlay-color":"","overlay-opacity":"","overlay-gradient":""},"tablet":{"background-color":"var(--ast-global-color-5)","background-image":"","background-repeat":"repeat","background-position":"center center","background-size":"auto","background-attachment":"scroll","background-type":"","background-media":"","overlay-type":"","overlay-color":"","overlay-opacity":"","overlay-gradient":""},"mobile":{"background-color":"var(--ast-global-color-5)","background-image":"","background-repeat":"repeat","background-position":"center center","background-size":"auto","background-attachment":"scroll","background-type":"","background-media":"","overlay-type":"","overlay-color":"","overlay-opacity":"","overlay-gradient":""}},"footnotes":""},"class_list":["post-2063","page","type-page","status-publish","hentry"],"uagb_featured_image_src":{"full":false,"thumbnail":false,"medium":false,"medium_large":false,"large":false,"1536x1536":false,"2048x2048":false,"trp-custom-language-flag":false,"mailpoet_newsletter_max":false,"woocommerce_thumbnail":false,"woocommerce_single":false,"woocommerce_gallery_thumbnail":false},"uagb_author_info":{"display_name":"Jeanny Marivi Ch\u00e1vez Camaraza","author_link":"https:\/\/www.poinger.de\/es\/author\/jeanny\/"},"uagb_comment_info":0,"uagb_excerpt":"Access control systems Access Control Simplified: Protect, Manage, and Monitor Take control of your space with our advanced Access Control systems designed to enhance security, streamline operations, and provide peace of mind. At Poinger, we offer a comprehensive range of access control solutions that empower you to manage and monitor access to your premises with&hellip;","_links":{"self":[{"href":"https:\/\/www.poinger.de\/es\/wp-json\/wp\/v2\/pages\/2063","targetHints":{"allow":["GET"]}}],"collection":[{"href":"https:\/\/www.poinger.de\/es\/wp-json\/wp\/v2\/pages"}],"about":[{"href":"https:\/\/www.poinger.de\/es\/wp-json\/wp\/v2\/types\/page"}],"author":[{"embeddable":true,"href":"https:\/\/www.poinger.de\/es\/wp-json\/wp\/v2\/users\/4"}],"replies":[{"embeddable":true,"href":"https:\/\/www.poinger.de\/es\/wp-json\/wp\/v2\/comments?post=2063"}],"version-history":[{"count":6,"href":"https:\/\/www.poinger.de\/es\/wp-json\/wp\/v2\/pages\/2063\/revisions"}],"predecessor-version":[{"id":3919,"href":"https:\/\/www.poinger.de\/es\/wp-json\/wp\/v2\/pages\/2063\/revisions\/3919"}],"wp:attachment":[{"href":"https:\/\/www.poinger.de\/es\/wp-json\/wp\/v2\/media?parent=2063"}],"curies":[{"name":"wp","href":"https:\/\/api.w.org\/{rel}","templated":true}]}}