{"id":4272,"date":"2026-02-24T17:54:39","date_gmt":"2026-02-24T16:54:39","guid":{"rendered":"https:\/\/www.poinger.de\/?post_type=product&#038;p=4272"},"modified":"2026-02-24T18:01:59","modified_gmt":"2026-02-24T17:01:59","slug":"pc-server-mouse-and-keyboard-kit","status":"publish","type":"product","link":"https:\/\/www.poinger.de\/en\/product\/pc-server-mouse-and-keyboard-kit\/","title":{"rendered":"PC-Server + Mouse and Keyboard Kit"},"content":{"rendered":"<p class=\"cvGsUA direction-ltr align-start para-style-body\"><span class=\"a_GcMg font-feature-liga-off font-feature-clig-off font-feature-calt-off text-decoration-none text-strikethrough-none\">Procesador: Intel Core i7 12700 2.10 GHz<\/span><\/p>\n<p class=\"cvGsUA direction-ltr align-start para-style-body\"><span class=\"a_GcMg font-feature-liga-off font-feature-clig-off font-feature-calt-off text-decoration-none text-strikethrough-none\">Memoria RAM: 32 GB DDR5 (2 x 16 GB)<\/span><\/p>\n<p class=\"cvGsUA direction-ltr align-start para-style-body\"><span class=\"a_GcMg font-feature-liga-off font-feature-clig-off font-feature-calt-off text-decoration-none text-strikethrough-none\">Placa base: GIGABYTE Z690 UD<\/span><\/p>\n<p class=\"cvGsUA direction-ltr align-start para-style-body\"><span class=\"a_GcMg font-feature-liga-off font-feature-clig-off font-feature-calt-off text-decoration-none text-strikethrough-none\">Almacenamiento masivo: Disco duro Seagate de 4 TB, SATA interno a 6 Gb\/s<\/span><\/p>\n<p class=\"cvGsUA direction-ltr align-start para-style-body\"><span class=\"a_GcMg font-feature-liga-off font-feature-clig-off font-feature-calt-off text-decoration-none text-strikethrough-none\">Almacenamiento principal (r\u00e1pido): SSD ADATA Legend 700 NVMe (512 GB)<\/span><\/p>\n<p class=\"cvGsUA direction-ltr align-start para-style-body\"><span class=\"a_GcMg font-feature-liga-off font-feature-clig-off font-feature-calt-off text-decoration-none text-strikethrough-none\">Fuente de alimentaci\u00f3n: 350 W<\/span><\/p>\n<p class=\"cvGsUA direction-ltr align-start para-style-body\"><span class=\"a_GcMg font-feature-liga-off font-feature-clig-off font-feature-calt-off text-decoration-none text-strikethrough-none\">Chasis: Torre ATX<\/span><\/p>\n<p class=\"cvGsUA direction-ltr align-start para-style-body\"><span class=\"a_GcMg font-feature-liga-off font-feature-clig-off font-feature-calt-off text-decoration-none text-strikethrough-none\">Sistema operativo: Windows 11<\/span><\/p>\n<p class=\"cvGsUA direction-ltr align-start para-style-body\"><span class=\"a_GcMg font-feature-liga-off font-feature-clig-off font-feature-calt-off text-decoration-none text-strikethrough-none\">Perif\u00e9ricos: Kit de teclado y rat\u00f3n inal\u00e1mbricos Logitech<\/span><\/p>\n","protected":false},"excerpt":{"rendered":"<h3>*The price on display is a standard value. <a href=\"https:\/\/www.poinger.de\/en\/contact\/\">Click here<\/a> to request\u00a0for the accurate price<\/h3>\n","protected":false},"featured_media":4273,"comment_status":"closed","ping_status":"closed","template":"","meta":{"_uag_custom_page_level_css":"","site-sidebar-layout":"default","site-content-layout":"default","ast-site-content-layout":"default","site-content-style":"default","site-sidebar-style":"default","ast-global-header-display":"","ast-banner-title-visibility":"","ast-main-header-display":"disabled","ast-hfb-above-header-display":"","ast-hfb-below-header-display":"","ast-hfb-mobile-header-display":"","site-post-title":"","ast-breadcrumbs-content":"","ast-featured-img":"","footer-sml-layout":"","ast-disable-related-posts":"","theme-transparent-header-meta":"default","adv-header-id-meta":"","stick-header-meta":"","header-above-stick-meta":"","header-main-stick-meta":"","header-below-stick-meta":"","astra-migrate-meta-layouts":"default","ast-page-background-enabled":"default","ast-page-background-meta":{"desktop":{"background-color":"","background-image":"","background-repeat":"repeat","background-position":"center center","background-size":"auto","background-attachment":"scroll","background-type":"","background-media":"","overlay-type":"","overlay-color":"","overlay-opacity":"","overlay-gradient":""},"tablet":{"background-color":"","background-image":"","background-repeat":"repeat","background-position":"center center","background-size":"auto","background-attachment":"scroll","background-type":"","background-media":"","overlay-type":"","overlay-color":"","overlay-opacity":"","overlay-gradient":""},"mobile":{"background-color":"","background-image":"","background-repeat":"repeat","background-position":"center center","background-size":"auto","background-attachment":"scroll","background-type":"","background-media":"","overlay-type":"","overlay-color":"","overlay-opacity":"","overlay-gradient":""}},"ast-content-background-meta":{"desktop":{"background-color":"var(--ast-global-color-5)","background-image":"","background-repeat":"repeat","background-position":"center center","background-size":"auto","background-attachment":"scroll","background-type":"","background-media":"","overlay-type":"","overlay-color":"","overlay-opacity":"","overlay-gradient":""},"tablet":{"background-color":"var(--ast-global-color-5)","background-image":"","background-repeat":"repeat","background-position":"center center","background-size":"auto","background-attachment":"scroll","background-type":"","background-media":"","overlay-type":"","overlay-color":"","overlay-opacity":"","overlay-gradient":""},"mobile":{"background-color":"var(--ast-global-color-5)","background-image":"","background-repeat":"repeat","background-position":"center center","background-size":"auto","background-attachment":"scroll","background-type":"","background-media":"","overlay-type":"","overlay-color":"","overlay-opacity":"","overlay-gradient":""}}},"product_brand":[],"product_cat":[78,80],"product_tag":[],"class_list":{"0":"post-4272","1":"product","2":"type-product","3":"status-publish","4":"has-post-thumbnail","6":"product_cat-computers","7":"product_cat-tower-computer","8":"desktop-align-left","9":"tablet-align-left","10":"mobile-align-left","12":"first","13":"instock","14":"downloadable","15":"shipping-taxable","16":"purchasable","17":"product-type-simple"},"uagb_featured_image_src":{"full":["https:\/\/www.poinger.de\/wp-content\/uploads\/2026\/02\/IMG_2199.jpg",1083,904,false],"thumbnail":["https:\/\/www.poinger.de\/wp-content\/uploads\/2026\/02\/IMG_2199-150x125.jpg",150,125,true],"medium":["https:\/\/www.poinger.de\/wp-content\/uploads\/2026\/02\/IMG_2199-300x250.jpg",300,250,true],"medium_large":["https:\/\/www.poinger.de\/wp-content\/uploads\/2026\/02\/IMG_2199-768x641.jpg",768,641,true],"large":["https:\/\/www.poinger.de\/wp-content\/uploads\/2026\/02\/IMG_2199-1024x855.jpg",1024,855,true],"1536x1536":["https:\/\/www.poinger.de\/wp-content\/uploads\/2026\/02\/IMG_2199.jpg",1083,904,false],"2048x2048":["https:\/\/www.poinger.de\/wp-content\/uploads\/2026\/02\/IMG_2199.jpg",1083,904,false],"trp-custom-language-flag":["https:\/\/www.poinger.de\/wp-content\/uploads\/2026\/02\/IMG_2199-14x12.jpg",14,12,true],"mailpoet_newsletter_max":["https:\/\/www.poinger.de\/wp-content\/uploads\/2026\/02\/IMG_2199.jpg",1083,904,false],"woocommerce_thumbnail":["https:\/\/www.poinger.de\/wp-content\/uploads\/2026\/02\/IMG_2199-300x300.jpg",300,300,true],"woocommerce_single":["https:\/\/www.poinger.de\/wp-content\/uploads\/2026\/02\/IMG_2199-600x501.jpg",600,501,true],"woocommerce_gallery_thumbnail":["https:\/\/www.poinger.de\/wp-content\/uploads\/2026\/02\/IMG_2199-100x100.jpg",100,100,true]},"uagb_author_info":{"display_name":"Dianabel Cardet Ricardo","author_link":"https:\/\/www.poinger.de\/en\/author\/"},"uagb_comment_info":0,"uagb_excerpt":"*The price on display is a standard value. Click here to request\u00a0for the accurate price","_links":{"self":[{"href":"https:\/\/www.poinger.de\/en\/wp-json\/wp\/v2\/product\/4272","targetHints":{"allow":["GET"]}}],"collection":[{"href":"https:\/\/www.poinger.de\/en\/wp-json\/wp\/v2\/product"}],"about":[{"href":"https:\/\/www.poinger.de\/en\/wp-json\/wp\/v2\/types\/product"}],"replies":[{"embeddable":true,"href":"https:\/\/www.poinger.de\/en\/wp-json\/wp\/v2\/comments?post=4272"}],"wp:featuredmedia":[{"embeddable":true,"href":"https:\/\/www.poinger.de\/en\/wp-json\/wp\/v2\/media\/4273"}],"wp:attachment":[{"href":"https:\/\/www.poinger.de\/en\/wp-json\/wp\/v2\/media?parent=4272"}],"wp:term":[{"taxonomy":"product_brand","embeddable":true,"href":"https:\/\/www.poinger.de\/en\/wp-json\/wp\/v2\/product_brand?post=4272"},{"taxonomy":"product_cat","embeddable":true,"href":"https:\/\/www.poinger.de\/en\/wp-json\/wp\/v2\/product_cat?post=4272"},{"taxonomy":"product_tag","embeddable":true,"href":"https:\/\/www.poinger.de\/en\/wp-json\/wp\/v2\/product_tag?post=4272"}],"curies":[{"name":"wp","href":"https:\/\/api.w.org\/{rel}","templated":true}]}}