{"id":2575,"date":"2023-09-21T19:11:26","date_gmt":"2023-09-21T17:11:26","guid":{"rendered":"https:\/\/www.poinger.de\/?page_id=2575"},"modified":"2025-11-05T23:04:52","modified_gmt":"2025-11-05T22:04:52","slug":"network-products","status":"publish","type":"page","link":"http:\/\/www.poinger.de\/es\/network-products\/","title":{"rendered":"Componentes de Red"},"content":{"rendered":"<div class=\"wp-block-uagb-container uagb-block-a7903f1c alignfull uagb-is-root-container\"><div class=\"uagb-container-inner-blocks-wrap\">\n<div class=\"wp-block-uagb-advanced-heading uagb-block-e637bc10\"><h1 class=\"uagb-heading-text\">Network COMPONENTS<\/h1><\/div>\n<\/div><\/div>\n\n\n\n<div class=\"wp-block-uagb-container uagb-block-40798b97 alignfull uagb-is-root-container\"><div class=\"uagb-container-inner-blocks-wrap\">\n<div style=\"height:110px\" aria-hidden=\"true\" class=\"wp-block-spacer\"><\/div>\n\n\n\n<div class=\"wp-block-uagb-advanced-heading uagb-block-89cf6ef3\"><h2 class=\"uagb-heading-text\">Reliable Networks, Trusted Solutions<\/h2><\/div>\n\n\n\n<p class=\"has-medium-font-size\">Ofrecemos una amplia gama de productos de red de \u00faltima generaci\u00f3n para satisfacer todas sus necesidades de conectividad. Desde enrutadores y conmutadores de alto rendimiento hasta cables Ethernet confiables y puntos de acceso inal\u00e1mbrico, brindamos soluciones de alta calidad dise\u00f1adas para optimizar la eficiencia y el rendimiento de su red. Ya sea que est\u00e9 configurando una red dom\u00e9stica o administrando una infraestructura empresarial compleja, nuestros productos de red son la clave para una conectividad y productividad perfectas. Descubra lo \u00faltimo en tecnolog\u00eda de redes con Poinger.<\/p>\n\n\n\n<div style=\"height:31px\" aria-hidden=\"true\" class=\"wp-block-spacer\"><\/div>\n<\/div><\/div>\n\n\n\n<div class=\"wp-block-uagb-container uagb-block-484cd9dc alignfull uagb-is-root-container\"><div class=\"uagb-container-inner-blocks-wrap\">\n<div class=\"wp-block-uagb-container uagb-block-fe15db38\">\n<div class=\"wp-block-group is-vertical is-layout-flex wp-container-core-group-is-layout-f84d1e41 wp-block-group-is-layout-flex\" style=\"border-style:none;border-width:0px;border-radius:0px;padding-top:0;padding-bottom:0\">\n<div class=\"wp-block-uagb-image aligncenter uagb-block-bff56f3b wp-block-uagb-image--layout-default wp-block-uagb-image--effect-static wp-block-uagb-image--align-center\"><figure class=\"wp-block-uagb-image__figure\"><img loading=\"lazy\" decoding=\"async\" srcset=\"http:\/\/www.poinger.de\/wp-content\/uploads\/2023\/10\/Aktive_Netzwerkkomponenten_Header_1100x600_1_1920x1920-1024x559.jpg ,http:\/\/www.poinger.de\/wp-content\/uploads\/2023\/10\/Aktive_Netzwerkkomponenten_Header_1100x600_1_1920x1920.jpg 780w, http:\/\/www.poinger.de\/wp-content\/uploads\/2023\/10\/Aktive_Netzwerkkomponenten_Header_1100x600_1_1920x1920.jpg 360w\" sizes=\"auto, (max-width: 480px) 150px\" src=\"http:\/\/www.poinger.de\/wp-content\/uploads\/2023\/10\/Aktive_Netzwerkkomponenten_Header_1100x600_1_1920x1920-1024x559.jpg\" alt=\"\" class=\"uag-image-2770\" width=\"540\" height=\"265\" title=\"\" role=\"img\"\/><\/figure><\/div>\n\n\n\n<div class=\"wp-block-uagb-info-box uagb-block-b5a798f1 uagb-infobox__content-wrap  uagb-infobox-icon-above-title uagb-infobox-image-valign-top\"><div class=\"uagb-ifb-content\"><div class=\"uagb-ifb-icon-wrap\"><svg xmlns=\"https:\/\/www.w3.org\/2000\/svg\" viewbox=\"0 0 512 512\"><path d=\"M0 256C0 114.6 114.6 0 256 0C397.4 0 512 114.6 512 256C512 397.4 397.4 512 256 512C114.6 512 0 397.4 0 256zM371.8 211.8C382.7 200.9 382.7 183.1 371.8 172.2C360.9 161.3 343.1 161.3 332.2 172.2L224 280.4L179.8 236.2C168.9 225.3 151.1 225.3 140.2 236.2C129.3 247.1 129.3 264.9 140.2 275.8L204.2 339.8C215.1 350.7 232.9 350.7 243.8 339.8L371.8 211.8z\"><\/path><\/svg><\/div><div class=\"uagb-ifb-title-wrap\"><h3 class=\"uagb-ifb-title\">Active Components<\/h3><\/div><p class=\"uagb-ifb-desc\">Top selection of active network components<\/p><\/div><\/div>\n\n\n\n<div class=\"wp-block-media-text is-stacked-on-mobile is-vertically-aligned-center\" style=\"grid-template-columns:23% auto\"><figure class=\"wp-block-media-text__media\"><img fetchpriority=\"high\" decoding=\"async\" width=\"700\" height=\"525\" src=\"https:\/\/www.poinger.de\/wp-content\/uploads\/2023\/10\/FGP_2831_SWITCH-2.jpg\" alt=\"\" class=\"wp-image-2776 size-full\" srcset=\"https:\/\/www.poinger.de\/wp-content\/uploads\/2023\/10\/FGP_2831_SWITCH-2.jpg 700w, https:\/\/www.poinger.de\/wp-content\/uploads\/2023\/10\/FGP_2831_SWITCH-2-600x450.jpg 600w, https:\/\/www.poinger.de\/wp-content\/uploads\/2023\/10\/FGP_2831_SWITCH-2-300x225.jpg 300w, https:\/\/www.poinger.de\/wp-content\/uploads\/2023\/10\/FGP_2831_SWITCH-2-16x12.jpg 16w\" sizes=\"(max-width: 700px) 100vw, 700px\" \/><\/figure><div class=\"wp-block-media-text__content\">\n<p class=\"has-text-align-left has-medium-font-size\"><a href=\"https:\/\/www.poinger.de\/es\/categoria-producto\/network-components\/switches\/\" data-type=\"page\" data-id=\"3228\">Switches<\/a><\/p>\n<\/div><\/div>\n<\/div>\n\n\n\n<div class=\"wp-block-media-text is-stacked-on-mobile\" style=\"grid-template-columns:22% auto\"><figure class=\"wp-block-media-text__media\"><img decoding=\"async\" width=\"348\" height=\"261\" src=\"https:\/\/www.poinger.de\/wp-content\/uploads\/2023\/10\/GVT-2000-MEDIA-CONVERTER-1.jpg\" alt=\"\" class=\"wp-image-2779 size-full\" srcset=\"https:\/\/www.poinger.de\/wp-content\/uploads\/2023\/10\/GVT-2000-MEDIA-CONVERTER-1.jpg 348w, https:\/\/www.poinger.de\/wp-content\/uploads\/2023\/10\/GVT-2000-MEDIA-CONVERTER-1-300x225.jpg 300w, https:\/\/www.poinger.de\/wp-content\/uploads\/2023\/10\/GVT-2000-MEDIA-CONVERTER-1-16x12.jpg 16w\" sizes=\"(max-width: 348px) 100vw, 348px\" \/><\/figure><div class=\"wp-block-media-text__content\">\n<p class=\"has-medium-font-size\"><a href=\"https:\/\/www.poinger.de\/es\/categoria-producto\/network-components\/media-converters\/\">Media Converters<\/a><\/p>\n<\/div><\/div>\n\n\n\n<div class=\"wp-block-media-text is-stacked-on-mobile\" style=\"grid-template-columns:21% auto\"><figure class=\"wp-block-media-text__media\"><img decoding=\"async\" width=\"700\" height=\"525\" src=\"https:\/\/www.poinger.de\/wp-content\/uploads\/2023\/10\/SFP_2200_v1_fiber-optical-tranceiver-1.jpg\" alt=\"\" class=\"wp-image-2781 size-full\" srcset=\"https:\/\/www.poinger.de\/wp-content\/uploads\/2023\/10\/SFP_2200_v1_fiber-optical-tranceiver-1.jpg 700w, https:\/\/www.poinger.de\/wp-content\/uploads\/2023\/10\/SFP_2200_v1_fiber-optical-tranceiver-1-600x450.jpg 600w, https:\/\/www.poinger.de\/wp-content\/uploads\/2023\/10\/SFP_2200_v1_fiber-optical-tranceiver-1-300x225.jpg 300w, https:\/\/www.poinger.de\/wp-content\/uploads\/2023\/10\/SFP_2200_v1_fiber-optical-tranceiver-1-16x12.jpg 16w\" sizes=\"(max-width: 700px) 100vw, 700px\" \/><\/figure><div class=\"wp-block-media-text__content\">\n<p class=\"has-medium-font-size\"><a href=\"https:\/\/www.poinger.de\/es\/categoria-producto\/network-components\/optic-fiber-transceivers\/\">Optic fiber transceivers<\/a><\/p>\n<\/div><\/div>\n\n\n\n<div class=\"wp-block-media-text is-stacked-on-mobile\" style=\"grid-template-columns:20% auto\"><figure class=\"wp-block-media-text__media\"><img loading=\"lazy\" decoding=\"async\" width=\"600\" height=\"600\" src=\"https:\/\/www.poinger.de\/wp-content\/uploads\/2023\/10\/204_2506_MSR_1Signalkreis.jpg\" alt=\"\" class=\"wp-image-2977 size-full\" srcset=\"https:\/\/www.poinger.de\/wp-content\/uploads\/2023\/10\/204_2506_MSR_1Signalkreis.jpg 600w, https:\/\/www.poinger.de\/wp-content\/uploads\/2023\/10\/204_2506_MSR_1Signalkreis-300x300.jpg 300w, https:\/\/www.poinger.de\/wp-content\/uploads\/2023\/10\/204_2506_MSR_1Signalkreis-100x100.jpg 100w, https:\/\/www.poinger.de\/wp-content\/uploads\/2023\/10\/204_2506_MSR_1Signalkreis-416x416.jpg 416w, https:\/\/www.poinger.de\/wp-content\/uploads\/2023\/10\/204_2506_MSR_1Signalkreis-150x150.jpg 150w, https:\/\/www.poinger.de\/wp-content\/uploads\/2023\/10\/204_2506_MSR_1Signalkreis-12x12.jpg 12w\" sizes=\"(max-width: 600px) 100vw, 600px\" \/><\/figure><div class=\"wp-block-media-text__content\">\n<p class=\"has-medium-font-size\"><a href=\"https:\/\/www.proepster.de\/Shop\/en\/shop_kats_1_en.php?lang=en&amp;mainkat=4&amp;call=fw\">Surge protection devices<\/a><\/p>\n<\/div><\/div>\n\n\n\n<div class=\"wp-block-media-text is-stacked-on-mobile\" style=\"grid-template-columns:18% auto\"><figure class=\"wp-block-media-text__media\"><img loading=\"lazy\" decoding=\"async\" width=\"800\" height=\"1024\" src=\"https:\/\/www.poinger.de\/wp-content\/uploads\/2025\/10\/pfa-140-800x1024.jpg\" alt=\"\" class=\"wp-image-3819 size-full\" srcset=\"https:\/\/www.poinger.de\/wp-content\/uploads\/2025\/10\/pfa-140-800x1024.jpg 800w, https:\/\/www.poinger.de\/wp-content\/uploads\/2025\/10\/pfa-140-234x300.jpg 234w, https:\/\/www.poinger.de\/wp-content\/uploads\/2025\/10\/pfa-140-117x150.jpg 117w, https:\/\/www.poinger.de\/wp-content\/uploads\/2025\/10\/pfa-140-768x983.jpg 768w, https:\/\/www.poinger.de\/wp-content\/uploads\/2025\/10\/pfa-140-9x12.jpg 9w, https:\/\/www.poinger.de\/wp-content\/uploads\/2025\/10\/pfa-140-600x768.jpg 600w, https:\/\/www.poinger.de\/wp-content\/uploads\/2025\/10\/pfa-140.jpg 1000w\" sizes=\"(max-width: 800px) 100vw, 800px\" \/><\/figure><div class=\"wp-block-media-text__content\">\n<p class=\"has-medium-font-size\"><a href=\"https:\/\/www.poinger.de\/es\/connection-boxes\/\">Cajas de Conexi\u00f3n<\/a><\/p>\n<\/div><\/div>\n<\/div>\n\n\n\n<div class=\"wp-block-uagb-container uagb-block-8ec1a54d\">\n<div class=\"wp-block-group is-vertical is-layout-flex wp-container-core-group-is-layout-fe9cc265 wp-block-group-is-layout-flex\">\n<div class=\"wp-block-uagb-image aligncenter uagb-block-fd68d528 wp-block-uagb-image--layout-default wp-block-uagb-image--effect-static wp-block-uagb-image--align-center\"><figure class=\"wp-block-uagb-image__figure\"><img loading=\"lazy\" decoding=\"async\" srcset=\"http:\/\/www.poinger.de\/wp-content\/uploads\/2023\/10\/Glasfaserverkabelung_Header_1100x600_1_1920x1920-1024x559.jpg ,http:\/\/www.poinger.de\/wp-content\/uploads\/2023\/10\/Glasfaserverkabelung_Header_1100x600_1_1920x1920.jpg 780w, http:\/\/www.poinger.de\/wp-content\/uploads\/2023\/10\/Glasfaserverkabelung_Header_1100x600_1_1920x1920.jpg 360w\" sizes=\"auto, (max-width: 480px) 150px\" src=\"http:\/\/www.poinger.de\/wp-content\/uploads\/2023\/10\/Glasfaserverkabelung_Header_1100x600_1_1920x1920-1024x559.jpg\" alt=\"\" class=\"uag-image-2773\" width=\"540\" height=\"265\" title=\"\" role=\"img\"\/><\/figure><\/div>\n\n\n\n<div class=\"wp-block-uagb-info-box uagb-block-a75d9d92 uagb-infobox__content-wrap  uagb-infobox-icon-above-title uagb-infobox-image-valign-top\"><div class=\"uagb-ifb-content\"><div class=\"uagb-ifb-icon-wrap\"><svg xmlns=\"https:\/\/www.w3.org\/2000\/svg\" viewbox=\"0 0 512 512\"><path d=\"M0 256C0 114.6 114.6 0 256 0C397.4 0 512 114.6 512 256C512 397.4 397.4 512 256 512C114.6 512 0 397.4 0 256zM371.8 211.8C382.7 200.9 382.7 183.1 371.8 172.2C360.9 161.3 343.1 161.3 332.2 172.2L224 280.4L179.8 236.2C168.9 225.3 151.1 225.3 140.2 236.2C129.3 247.1 129.3 264.9 140.2 275.8L204.2 339.8C215.1 350.7 232.9 350.7 243.8 339.8L371.8 211.8z\"><\/path><\/svg><\/div><div class=\"uagb-ifb-title-wrap\"><h3 class=\"uagb-ifb-title\">Passive Components<\/h3><\/div><p class=\"uagb-ifb-desc\">Wide range of passive network components<\/p><\/div><\/div>\n<\/div>\n\n\n\n<div class=\"wp-block-media-text is-stacked-on-mobile\" style=\"grid-template-columns:37% auto\"><figure class=\"wp-block-media-text__media\"><img loading=\"lazy\" decoding=\"async\" width=\"1024\" height=\"559\" src=\"https:\/\/www.poinger.de\/wp-content\/uploads\/2023\/10\/Header-Glasfaser-Installationskabel_1920x1920-1024x559.jpg\" alt=\"\" class=\"wp-image-2787 size-full\" srcset=\"https:\/\/www.poinger.de\/wp-content\/uploads\/2023\/10\/Header-Glasfaser-Installationskabel_1920x1920-1024x559.jpg 1024w, https:\/\/www.poinger.de\/wp-content\/uploads\/2023\/10\/Header-Glasfaser-Installationskabel_1920x1920-600x327.jpg 600w, https:\/\/www.poinger.de\/wp-content\/uploads\/2023\/10\/Header-Glasfaser-Installationskabel_1920x1920-300x164.jpg 300w, https:\/\/www.poinger.de\/wp-content\/uploads\/2023\/10\/Header-Glasfaser-Installationskabel_1920x1920-768x419.jpg 768w, https:\/\/www.poinger.de\/wp-content\/uploads\/2023\/10\/Header-Glasfaser-Installationskabel_1920x1920-18x10.jpg 18w, https:\/\/www.poinger.de\/wp-content\/uploads\/2023\/10\/Header-Glasfaser-Installationskabel_1920x1920.jpg 1100w\" sizes=\"(max-width: 1024px) 100vw, 1024px\" \/><\/figure><div class=\"wp-block-media-text__content\">\n<p class=\"has-medium-font-size\"><a href=\"https:\/\/www.poinger.de\/es\/categoria-producto\/network-components\/optic-fiber-cable\/\">Optic fiber cabling<\/a><\/p>\n<\/div><\/div>\n\n\n\n<div style=\"height:32px\" aria-hidden=\"true\" class=\"wp-block-spacer\"><\/div>\n\n\n\n<div class=\"wp-block-media-text is-stacked-on-mobile\" style=\"grid-template-columns:37% auto\"><figure class=\"wp-block-media-text__media\"><img loading=\"lazy\" decoding=\"async\" width=\"1024\" height=\"559\" src=\"https:\/\/www.poinger.de\/wp-content\/uploads\/2023\/10\/Kupferverkabelung_Header_1100x600_1_1920x1920-1024x559.jpg\" alt=\"\" class=\"wp-image-2788 size-full\" srcset=\"https:\/\/www.poinger.de\/wp-content\/uploads\/2023\/10\/Kupferverkabelung_Header_1100x600_1_1920x1920-1024x559.jpg 1024w, https:\/\/www.poinger.de\/wp-content\/uploads\/2023\/10\/Kupferverkabelung_Header_1100x600_1_1920x1920-600x327.jpg 600w, https:\/\/www.poinger.de\/wp-content\/uploads\/2023\/10\/Kupferverkabelung_Header_1100x600_1_1920x1920-300x164.jpg 300w, https:\/\/www.poinger.de\/wp-content\/uploads\/2023\/10\/Kupferverkabelung_Header_1100x600_1_1920x1920-768x419.jpg 768w, https:\/\/www.poinger.de\/wp-content\/uploads\/2023\/10\/Kupferverkabelung_Header_1100x600_1_1920x1920-18x10.jpg 18w, https:\/\/www.poinger.de\/wp-content\/uploads\/2023\/10\/Kupferverkabelung_Header_1100x600_1_1920x1920.jpg 1100w\" sizes=\"(max-width: 1024px) 100vw, 1024px\" \/><\/figure><div class=\"wp-block-media-text__content\">\n<p class=\"has-ast-global-color-0-color has-text-color has-link-color has-medium-font-size wp-elements-f3f0036dee808392a93bfb1713b25017\"><a href=\"https:\/\/www.efb-elektronik.de\/en\/products\/copper-cabling\/\">Copper<\/a><a href=\"https:\/\/www.poinger.de\/es\/categoria-producto\/network-components\/utp-copper-cable\/\"> cabling<\/a> UTP<\/p>\n<\/div><\/div>\n\n\n\n<div style=\"height:54px\" aria-hidden=\"true\" class=\"wp-block-spacer\"><\/div>\n\n\n\n<div class=\"wp-block-media-text is-stacked-on-mobile\" style=\"grid-template-columns:37% auto\"><figure class=\"wp-block-media-text__media\"><img loading=\"lazy\" decoding=\"async\" width=\"1000\" height=\"1000\" src=\"https:\/\/www.poinger.de\/wp-content\/uploads\/2023\/10\/32u-1.jpg\" alt=\"\" class=\"wp-image-2790 size-full\" srcset=\"https:\/\/www.poinger.de\/wp-content\/uploads\/2023\/10\/32u-1.jpg 1000w, https:\/\/www.poinger.de\/wp-content\/uploads\/2023\/10\/32u-1-300x300.jpg 300w, https:\/\/www.poinger.de\/wp-content\/uploads\/2023\/10\/32u-1-100x100.jpg 100w, https:\/\/www.poinger.de\/wp-content\/uploads\/2023\/10\/32u-1-600x600.jpg 600w, https:\/\/www.poinger.de\/wp-content\/uploads\/2023\/10\/32u-1-150x150.jpg 150w, https:\/\/www.poinger.de\/wp-content\/uploads\/2023\/10\/32u-1-768x768.jpg 768w, https:\/\/www.poinger.de\/wp-content\/uploads\/2023\/10\/32u-1-12x12.jpg 12w\" sizes=\"(max-width: 1000px) 100vw, 1000px\" \/><\/figure><div class=\"wp-block-media-text__content\">\n<p class=\"has-medium-font-size\"><a href=\"https:\/\/www.poinger.de\/es\/categoria-producto\/network-components\/cabinets\/\">Cabinets<\/a><\/p>\n<\/div><\/div>\n\n\n\n<div style=\"height:55px\" aria-hidden=\"true\" class=\"wp-block-spacer\"><\/div>\n<\/div>\n<\/div><\/div>\n\n\n\n<p><\/p>\n\n\n\n<div style=\"height:100px\" aria-hidden=\"true\" class=\"wp-block-spacer\"><\/div>\n\n\n\n<p><\/p>\n\n\n\n<p><\/p>\n\n\n\n<p><\/p>","protected":false},"excerpt":{"rendered":"<p>Network COMPONENTS Reliable Networks, Trusted Solutions We offer an extensive range of cutting-edge network products to meet all your connectivity needs. From high-performance routers and switches to reliable Ethernet cables and wireless access points, we provide top-quality solutions designed to optimize your network&#8217;s efficiency and performance. Whether you&#8217;re setting up a home network or managing [&hellip;]<\/p>\n","protected":false},"author":4,"featured_media":0,"parent":0,"menu_order":0,"comment_status":"closed","ping_status":"closed","template":"","meta":{"_uag_custom_page_level_css":"","site-sidebar-layout":"default","site-content-layout":"","ast-site-content-layout":"default","site-content-style":"default","site-sidebar-style":"default","ast-global-header-display":"","ast-banner-title-visibility":"","ast-main-header-display":"","ast-hfb-above-header-display":"","ast-hfb-below-header-display":"","ast-hfb-mobile-header-display":"","site-post-title":"","ast-breadcrumbs-content":"","ast-featured-img":"","footer-sml-layout":"","ast-disable-related-posts":"","theme-transparent-header-meta":"","adv-header-id-meta":"","stick-header-meta":"","header-above-stick-meta":"","header-main-stick-meta":"","header-below-stick-meta":"","astra-migrate-meta-layouts":"default","ast-page-background-enabled":"default","ast-page-background-meta":{"desktop":{"background-color":"","background-image":"","background-repeat":"repeat","background-position":"center center","background-size":"auto","background-attachment":"scroll","background-type":"","background-media":"","overlay-type":"","overlay-color":"","overlay-opacity":"","overlay-gradient":""},"tablet":{"background-color":"","background-image":"","background-repeat":"repeat","background-position":"center center","background-size":"auto","background-attachment":"scroll","background-type":"","background-media":"","overlay-type":"","overlay-color":"","overlay-opacity":"","overlay-gradient":""},"mobile":{"background-color":"","background-image":"","background-repeat":"repeat","background-position":"center center","background-size":"auto","background-attachment":"scroll","background-type":"","background-media":"","overlay-type":"","overlay-color":"","overlay-opacity":"","overlay-gradient":""}},"ast-content-background-meta":{"desktop":{"background-color":"var(--ast-global-color-5)","background-image":"","background-repeat":"repeat","background-position":"center center","background-size":"auto","background-attachment":"scroll","background-type":"","background-media":"","overlay-type":"","overlay-color":"","overlay-opacity":"","overlay-gradient":""},"tablet":{"background-color":"var(--ast-global-color-5)","background-image":"","background-repeat":"repeat","background-position":"center center","background-size":"auto","background-attachment":"scroll","background-type":"","background-media":"","overlay-type":"","overlay-color":"","overlay-opacity":"","overlay-gradient":""},"mobile":{"background-color":"var(--ast-global-color-5)","background-image":"","background-repeat":"repeat","background-position":"center center","background-size":"auto","background-attachment":"scroll","background-type":"","background-media":"","overlay-type":"","overlay-color":"","overlay-opacity":"","overlay-gradient":""}},"footnotes":""},"class_list":["post-2575","page","type-page","status-publish","hentry"],"uagb_featured_image_src":{"full":false,"thumbnail":false,"medium":false,"medium_large":false,"large":false,"1536x1536":false,"2048x2048":false,"trp-custom-language-flag":false,"mailpoet_newsletter_max":false,"woocommerce_thumbnail":false,"woocommerce_single":false,"woocommerce_gallery_thumbnail":false},"uagb_author_info":{"display_name":"Jeanny Marivi Ch\u00e1vez Camaraza","author_link":"http:\/\/www.poinger.de\/es\/author\/jeanny\/"},"uagb_comment_info":0,"uagb_excerpt":"Network COMPONENTS Reliable Networks, Trusted Solutions We offer an extensive range of cutting-edge network products to meet all your connectivity needs. From high-performance routers and switches to reliable Ethernet cables and wireless access points, we provide top-quality solutions designed to optimize your network&#8217;s efficiency and performance. Whether you&#8217;re setting up a home network or managing&hellip;","_links":{"self":[{"href":"http:\/\/www.poinger.de\/es\/wp-json\/wp\/v2\/pages\/2575","targetHints":{"allow":["GET"]}}],"collection":[{"href":"http:\/\/www.poinger.de\/es\/wp-json\/wp\/v2\/pages"}],"about":[{"href":"http:\/\/www.poinger.de\/es\/wp-json\/wp\/v2\/types\/page"}],"author":[{"embeddable":true,"href":"http:\/\/www.poinger.de\/es\/wp-json\/wp\/v2\/users\/4"}],"replies":[{"embeddable":true,"href":"http:\/\/www.poinger.de\/es\/wp-json\/wp\/v2\/comments?post=2575"}],"version-history":[{"count":70,"href":"http:\/\/www.poinger.de\/es\/wp-json\/wp\/v2\/pages\/2575\/revisions"}],"predecessor-version":[{"id":3826,"href":"http:\/\/www.poinger.de\/es\/wp-json\/wp\/v2\/pages\/2575\/revisions\/3826"}],"wp:attachment":[{"href":"http:\/\/www.poinger.de\/es\/wp-json\/wp\/v2\/media?parent=2575"}],"curies":[{"name":"wp","href":"https:\/\/api.w.org\/{rel}","templated":true}]}}