{"id":2082,"date":"2023-05-11T22:50:14","date_gmt":"2023-05-11T20:50:14","guid":{"rendered":"https:\/\/dev.poinger.de\/?page_id=2082"},"modified":"2023-10-24T16:51:16","modified_gmt":"2023-10-24T14:51:16","slug":"fire-detection-systems","status":"publish","type":"page","link":"http:\/\/www.poinger.de\/es\/fire-detection-systems\/","title":{"rendered":"Sistemas de Detecci\u00f3n de Incendios (SADI)"},"content":{"rendered":"<div class=\"wp-block-uagb-container uagb-block-264cb2e4 alignfull uagb-is-root-container\"><div class=\"uagb-container-inner-blocks-wrap\">\n<div class=\"wp-block-uagb-advanced-heading uagb-block-d5f4bd95\"><h1 class=\"uagb-heading-text\"><strong>Sistemas de Detecci\u00f3n de Incendios (SADI)<\/strong><\/h1><\/div>\n<\/div><\/div>\n\n\n\n<div class=\"wp-block-group is-layout-constrained wp-block-group-is-layout-constrained\">\n<div class=\"wp-block-uagb-advanced-heading uagb-block-72d3313a\"><h2 class=\"uagb-heading-text\">Seguridad Contra Incendios Simplificada<\/h2><\/div>\n\n\n\n<p>En Poinger, ofrecemos sistemas de detecci\u00f3n de incendios de \u00faltima generaci\u00f3n dise\u00f1ados para salvaguardar vidas, propiedades y activos del impacto devastador de los incendios. Nuestra experiencia se extiende m\u00e1s all\u00e1 de la detecci\u00f3n, ya que tambi\u00e9n ofrecemos soluciones integrales de extinci\u00f3n de incendios para garantizar una acci\u00f3n r\u00e1pida y eficaz en caso de una emergencia de incendio. Con nuestro enfoque integrado de seguridad contra incendios, ofrecemos un paquete completo que prioriza la detecci\u00f3n proactiva de incendios y la extinci\u00f3n eficiente de incendios.<\/p>\n<\/div>\n\n\n\n<div class=\"wp-block-uagb-advanced-heading uagb-block-ad4c9d28\"><h2 class=\"uagb-heading-text\">Lo que ofrecemos<\/h2><\/div>\n\n\n\n<div class=\"wp-block-uagb-container uagb-block-296558d2 alignfull uagb-is-root-container\"><div class=\"uagb-container-inner-blocks-wrap\">\n<div class=\"wp-block-uagb-container uagb-block-b97de2a0 alignfull uagb-is-root-container\"><div class=\"uagb-container-inner-blocks-wrap\">\n<div class=\"wp-block-uagb-info-box uagb-block-61dea387 uagb-infobox__content-wrap  uagb-infobox-icon-above-title uagb-infobox-image-valign-top\"><div class=\"uagb-ifb-content\"><div class=\"uagb-ifb-title-wrap\"><div class=\"uagb-ifb-separator\"><\/div><h4 class=\"uagb-ifb-title\">Tecnolog\u00eda Avanzada de Detecci\u00f3n de Incendios<\/h4><\/div><p class=\"uagb-ifb-desc\">Nuestros Sistemas de Detecci\u00f3n de Incendios utilizan tecnolog\u00eda de punta para detectar incendios en sus primeras etapas. Empleamos una variedad de sensores, incluidos detectores de humo, detectores de calor y detectores de llama, para garantizar una cobertura integral y una respuesta r\u00e1pida. Con nuestras capacidades de detecci\u00f3n avanzadas, los incendios potenciales se pueden identificar y abordar antes de que se intensifiquen, minimizando da\u00f1os y riesgos.<\/p><\/div><\/div>\n\n\n\n<div class=\"wp-block-uagb-info-box uagb-block-4f1650ca uagb-infobox__content-wrap  uagb-infobox-icon-above-title uagb-infobox-image-valign-top\"><div class=\"uagb-ifb-content\"><div class=\"uagb-ifb-title-wrap\"><div class=\"uagb-ifb-separator\"><\/div><h4 class=\"uagb-ifb-title\">Soluciones Personalizadas de Seguridad Contra Incendios<\/h4><\/div><p class=\"uagb-ifb-desc\">Entendemos que cada espacio tiene requisitos \u00fanicos de seguridad contra incendios. Es por eso que nuestros sistemas de detecci\u00f3n de incendios se pueden personalizar para satisfacer sus necesidades espec\u00edficas. Ya sea una propiedad residencial, un establecimiento comercial o una instalaci\u00f3n industrial, adaptamos nuestras soluciones para garantizar una cobertura y eficacia \u00f3ptimas. Nuestro equipo de expertos evaluar\u00e1 sus instalaciones y recomendar\u00e1 un sistema personalizado que se alinee con sus objetivos de seguridad contra incendios.<\/p><\/div><\/div>\n\n\n\n<div class=\"wp-block-uagb-info-box uagb-block-2e186f1e uagb-infobox__content-wrap  uagb-infobox-icon-above-title uagb-infobox-image-valign-top\"><div class=\"uagb-ifb-content\"><div class=\"uagb-ifb-title-wrap\"><div class=\"uagb-ifb-separator\"><\/div><h4 class=\"uagb-ifb-title\">Cumplimiento de Normas y Reglamentos T\u00e9cnicos<\/h4><\/div><p class=\"uagb-ifb-desc\">Entendemos la importancia de cumplir con las normas establecidas y los est\u00e1ndares de la industria. Nuestros Sistemas de Detecci\u00f3n de Incendios cumplen con los c\u00f3digos y regulaciones locales de seguridad contra incendios y est\u00e1n certificados por las autoridades cubanas (APCI). Al asociarse con nosotros, puede tener la confianza de que sus medidas de seguridad contra incendios est\u00e1n alineadas con los m\u00e1s altos est\u00e1ndares, lo que le ayudar\u00e1 a mantener el cumplimiento y garantizar la seguridad de sus instalaciones.<\/p><\/div><\/div>\n<\/div><\/div>\n\n\n\n<div class=\"wp-block-uagb-container uagb-block-3b378cdd alignfull uagb-is-root-container\"><div class=\"uagb-container-inner-blocks-wrap\">\n<div class=\"wp-block-uagb-info-box uagb-block-b2ecb757 uagb-infobox__content-wrap  uagb-infobox-icon-above-title uagb-infobox-image-valign-top\"><div class=\"uagb-ifb-content\"><div class=\"uagb-ifb-title-wrap\"><div class=\"uagb-ifb-separator\"><\/div><h4 class=\"uagb-ifb-title\">Soluciones Integradas de Extinci\u00f3n de Incendios<\/h4><\/div><p class=\"uagb-ifb-desc\">Adem\u00e1s de la detecci\u00f3n de incendios, proporcionamos soluciones integrales de Extinci\u00f3n de Incendios para combatir los incendios de forma eficaz. Nuestros sistemas incluyen mecanismos autom\u00e1ticos de extinci\u00f3n de incendios, como sistemas de rociadores, extintores y sistemas de extinci\u00f3n de gases. Al combinar una detecci\u00f3n de incendios confiable con una extinci\u00f3n de incendios r\u00e1pida y eficiente, ofrecemos una soluci\u00f3n completa de seguridad contra incendios que brinda una protecci\u00f3n invaluable.<\/p><\/div><\/div>\n\n\n\n<div class=\"wp-block-uagb-info-box uagb-block-a9f4099a uagb-infobox__content-wrap  uagb-infobox-icon-above-title uagb-infobox-image-valign-top\"><div class=\"uagb-ifb-content\"><div class=\"uagb-ifb-title-wrap\"><div class=\"uagb-ifb-separator\"><\/div><h4 class=\"uagb-ifb-title\">Advertencia Temprana y Alertas Predictivas.<\/h4><\/div><p class=\"uagb-ifb-desc\">Nuestros sistemas de detecci\u00f3n de incendios est\u00e1n dise\u00f1ados para brindar alertas tempranas e instant\u00e1neas en caso de incendio. Con una notificaci\u00f3n r\u00e1pida, puede tomar medidas inmediatas, iniciar procedimientos de evacuaci\u00f3n y notificar a los servicios de emergencia con prontitud. Esta capacidad de alerta temprana mejora la seguridad de los ocupantes y aumenta las posibilidades de contenci\u00f3n y evacuaci\u00f3n exitosas del incendio.<\/p><\/div><\/div>\n\n\n\n<div class=\"wp-block-uagb-info-box uagb-block-0a4d23c5 uagb-infobox__content-wrap  uagb-infobox-icon-above-title uagb-infobox-image-valign-top\"><div class=\"uagb-ifb-content\"><div class=\"uagb-ifb-title-wrap\"><div class=\"uagb-ifb-separator\"><\/div><h4 class=\"uagb-ifb-title\">Supervisi\u00f3n de Instalaci\u00f3n y Soporte Profesional<\/h4><\/div><p class=\"uagb-ifb-desc\">Nuestro equipo de t\u00e9cnicos capacitados se asegurar\u00e1 de que su sistema de detecci\u00f3n de incendios se instale de manera profesional, se configure correctamente y se integre perfectamente con su infraestructura existente. Brindamos capacitaci\u00f3n integral sobre el funcionamiento del sistema y ofrecemos soporte continuo para abordar cualquier pregunta o inquietud que pueda tener. Nuestro objetivo es garantizar que su Sistema de Detecci\u00f3n y Extinci\u00f3n de Incendios funcione de manera \u00f3ptima, brind\u00e1ndole el m\u00e1s alto nivel de seguridad contra incendios.<\/p><\/div><\/div>\n<\/div><\/div>\n<\/div><\/div>\n\n\n\n<div class=\"wp-block-uagb-container uagb-block-ee3e95cc alignfull uagb-is-root-container\"><div class=\"uagb-container-inner-blocks-wrap\">\n<div class=\"wp-block-uagb-container uagb-block-984fcb21 alignfull uagb-is-root-container\"><div class=\"uagb-container-inner-blocks-wrap\">\n<div class=\"wp-block-uagb-advanced-heading uagb-block-9fae5cc4\"><h4 class=\"uagb-heading-text\">Need help with fire detection and extinction systems? Don&#8217;t wait \u2013 talk to your personal Poinger representative!\u200b<\/h4><\/div>\n<\/div><\/div>\n\n\n\n<div class=\"wp-block-uagb-container uagb-block-bba1fa59 alignfull uagb-is-root-container\"><div class=\"uagb-container-inner-blocks-wrap\">\n<div class=\"wp-block-uagb-buttons uagb-buttons__outer-wrap uagb-btn__default-btn uagb-btn-tablet__default-btn uagb-btn-mobile__default-btn uagb-block-e2f314db\"><div class=\"uagb-buttons__wrap uagb-buttons-layout-wrap\">\n<div class=\"wp-block-uagb-buttons-child uagb-buttons__outer-wrap uagb-block-07c32c91 wp-block-button\"><div class=\"uagb-button__wrapper\"><a class=\"uagb-buttons-repeater wp-block-button__link\" href=\"https:\/\/www.poinger.de\/es\/contact\/\" onclick=\"return true;\" rel=\"follow noopener\" target=\"_self\"><div class=\"uagb-button__link\">Cont\u00e1ctenos<\/div><\/a><\/div><\/div>\n<\/div><\/div>\n<\/div><\/div>\n<\/div><\/div>","protected":false},"excerpt":{"rendered":"<p>Fire Detection Systems Fire Safety Made Simple At Poinger, we provide cutting-edge Fire Detection Systems designed to safeguard lives, property, and assets from the devastating impact of fires. Our expertise extends beyond detection, as we also offer comprehensive Fire Extinction solutions to ensure swift and effective action in the event of a fire emergency. With [&hellip;]<\/p>\n","protected":false},"author":4,"featured_media":0,"parent":0,"menu_order":0,"comment_status":"closed","ping_status":"closed","template":"","meta":{"_uag_custom_page_level_css":"","site-sidebar-layout":"default","site-content-layout":"","ast-site-content-layout":"default","site-content-style":"default","site-sidebar-style":"default","ast-global-header-display":"","ast-banner-title-visibility":"","ast-main-header-display":"","ast-hfb-above-header-display":"","ast-hfb-below-header-display":"","ast-hfb-mobile-header-display":"","site-post-title":"","ast-breadcrumbs-content":"","ast-featured-img":"","footer-sml-layout":"","ast-disable-related-posts":"","theme-transparent-header-meta":"","adv-header-id-meta":"","stick-header-meta":"","header-above-stick-meta":"","header-main-stick-meta":"","header-below-stick-meta":"","astra-migrate-meta-layouts":"default","ast-page-background-enabled":"default","ast-page-background-meta":{"desktop":{"background-color":"","background-image":"","background-repeat":"repeat","background-position":"center center","background-size":"auto","background-attachment":"scroll","background-type":"","background-media":"","overlay-type":"","overlay-color":"","overlay-opacity":"","overlay-gradient":""},"tablet":{"background-color":"","background-image":"","background-repeat":"repeat","background-position":"center center","background-size":"auto","background-attachment":"scroll","background-type":"","background-media":"","overlay-type":"","overlay-color":"","overlay-opacity":"","overlay-gradient":""},"mobile":{"background-color":"","background-image":"","background-repeat":"repeat","background-position":"center center","background-size":"auto","background-attachment":"scroll","background-type":"","background-media":"","overlay-type":"","overlay-color":"","overlay-opacity":"","overlay-gradient":""}},"ast-content-background-meta":{"desktop":{"background-color":"var(--ast-global-color-5)","background-image":"","background-repeat":"repeat","background-position":"center center","background-size":"auto","background-attachment":"scroll","background-type":"","background-media":"","overlay-type":"","overlay-color":"","overlay-opacity":"","overlay-gradient":""},"tablet":{"background-color":"var(--ast-global-color-5)","background-image":"","background-repeat":"repeat","background-position":"center center","background-size":"auto","background-attachment":"scroll","background-type":"","background-media":"","overlay-type":"","overlay-color":"","overlay-opacity":"","overlay-gradient":""},"mobile":{"background-color":"var(--ast-global-color-5)","background-image":"","background-repeat":"repeat","background-position":"center center","background-size":"auto","background-attachment":"scroll","background-type":"","background-media":"","overlay-type":"","overlay-color":"","overlay-opacity":"","overlay-gradient":""}},"footnotes":""},"class_list":["post-2082","page","type-page","status-publish","hentry"],"uagb_featured_image_src":{"full":false,"thumbnail":false,"medium":false,"medium_large":false,"large":false,"1536x1536":false,"2048x2048":false,"trp-custom-language-flag":false,"mailpoet_newsletter_max":false,"woocommerce_thumbnail":false,"woocommerce_single":false,"woocommerce_gallery_thumbnail":false},"uagb_author_info":{"display_name":"Jeanny Marivi Ch\u00e1vez Camaraza","author_link":"http:\/\/www.poinger.de\/es\/author\/jeanny\/"},"uagb_comment_info":0,"uagb_excerpt":"Fire Detection Systems Fire Safety Made Simple At Poinger, we provide cutting-edge Fire Detection Systems designed to safeguard lives, property, and assets from the devastating impact of fires. Our expertise extends beyond detection, as we also offer comprehensive Fire Extinction solutions to ensure swift and effective action in the event of a fire emergency. With&hellip;","_links":{"self":[{"href":"http:\/\/www.poinger.de\/es\/wp-json\/wp\/v2\/pages\/2082","targetHints":{"allow":["GET"]}}],"collection":[{"href":"http:\/\/www.poinger.de\/es\/wp-json\/wp\/v2\/pages"}],"about":[{"href":"http:\/\/www.poinger.de\/es\/wp-json\/wp\/v2\/types\/page"}],"author":[{"embeddable":true,"href":"http:\/\/www.poinger.de\/es\/wp-json\/wp\/v2\/users\/4"}],"replies":[{"embeddable":true,"href":"http:\/\/www.poinger.de\/es\/wp-json\/wp\/v2\/comments?post=2082"}],"version-history":[{"count":7,"href":"http:\/\/www.poinger.de\/es\/wp-json\/wp\/v2\/pages\/2082\/revisions"}],"predecessor-version":[{"id":2971,"href":"http:\/\/www.poinger.de\/es\/wp-json\/wp\/v2\/pages\/2082\/revisions\/2971"}],"wp:attachment":[{"href":"http:\/\/www.poinger.de\/es\/wp-json\/wp\/v2\/media?parent=2082"}],"curies":[{"name":"wp","href":"https:\/\/api.w.org\/{rel}","templated":true}]}}