{"id":1981,"date":"2023-03-31T14:09:20","date_gmt":"2023-03-31T12:09:20","guid":{"rendered":"https:\/\/dev.poinger.de\/?page_id=1981"},"modified":"2025-10-09T18:07:52","modified_gmt":"2025-10-09T16:07:52","slug":"cctv-system-standard","status":"publish","type":"page","link":"http:\/\/www.poinger.de\/es\/cctv-system-standard\/","title":{"rendered":"Surveillance System &#8211; Standard"},"content":{"rendered":"<div class=\"wp-block-uagb-container uagb-block-2c6a3e20 alignfull uagb-is-root-container\"><div class=\"uagb-container-inner-blocks-wrap\">\n<div class=\"wp-block-uagb-advanced-heading uagb-block-722f5a4a\"><h1 class=\"uagb-heading-text\">Sistema CCTV Est\u00e1ndar<\/h1><\/div>\n<\/div><\/div>\n\n\n\n<div class=\"wp-block-uagb-container uagb-block-9823ce6f alignfull uagb-is-root-container\"><div class=\"uagb-container-inner-blocks-wrap\">\n<div class=\"wp-block-uagb-container uagb-block-9272cea2\">\n<div class=\"wp-block-uagb-image uagb-block-8f487e57 wp-block-uagb-image--layout-default wp-block-uagb-image--effect-static wp-block-uagb-image--align-none\"><figure class=\"wp-block-uagb-image__figure\"><img loading=\"lazy\" decoding=\"async\" srcset=\"http:\/\/www.poinger.de\/wp-content\/uploads\/2023\/03\/estandar_en.jpg \" sizes=\"auto, (max-width: 480px) 150px\" src=\"http:\/\/www.poinger.de\/wp-content\/uploads\/2023\/03\/estandar_en.jpg\" alt=\"\" class=\"uag-image-1942\" width=\"389\" height=\"212\" title=\"\"\/><\/figure><\/div>\n<\/div>\n\n\n\n<div class=\"wp-block-uagb-container uagb-block-6ba6dc4b\">\n<div class=\"wp-block-uagb-container uagb-block-10b67966\">\n<div class=\"wp-block-uagb-advanced-heading uagb-block-c1910147\"><h2 class=\"uagb-heading-text\">Principales Caracter\u00edsticas<\/h2><\/div>\n\n\n\n<ul class=\"wp-block-list\">\n<li>Capacidad para gestionar hasta 16 c\u00e1maras.<\/li>\n\n\n\n<li>Capacidad para grabar desde 24h hasta 30 d\u00edas.<\/li>\n\n\n\n<li>Soluci\u00f3n Global: n\u00famero ilimitado de lugares<\/li>\n\n\n\n<li>Soluci\u00f3n Integral: CCTV, Sistemas SADI y SACI, Automatizaci\u00f3n de Edificios y Control de Accesos.<\/li>\n\n\n\n<li>Video Analiticas: Reconocimiento de matr\u00edculas de autom\u00f3viles, detecci\u00f3n de rostros, agresi\u00f3n, violencia.<\/li>\n\n\n\n<li>Analiticas de Audios: Alarma de coche y rotura de cristales, alarma de agresi\u00f3n y violencia<\/li>\n<\/ul>\n<\/div>\n<\/div>\n<\/div><\/div>\n\n\n\n<div class=\"wp-block-uagb-container uagb-block-60a15c3d default uagb-is-root-container\">\n<figure class=\"wp-block-table is-style-regular\"><table class=\"has-ast-global-color-5-background-color has-background\" style=\"border-top-color:var(--wp--preset--color--ast-global-color-4);border-top-width:1px;border-right-color:var(--wp--preset--color--ast-global-color-4);border-right-width:1px;border-bottom-color:var(--wp--preset--color--ast-global-color-2);border-bottom-width:1px;border-left-color:var(--wp--preset--color--ast-global-color-4);border-left-width:1px\"><thead><tr><th>Art\u00edculo<\/th><th>Descripci\u00f3n<\/th><th>Imagen<\/th><\/tr><\/thead><tbody><tr><td>PO-GBi7R1-R<\/td><td>Servidor<\/td><td><img decoding=\"async\" width=\"150\" height=\"101\" class=\"wp-image-1959\" style=\"width: 150px;\" src=\"https:\/\/www.poinger.de\/wp-content\/uploads\/2023\/03\/PO-GBi7R1-R.png\" alt=\"\" srcset=\"https:\/\/www.poinger.de\/wp-content\/uploads\/2023\/03\/PO-GBi7R1-R.png 400w, https:\/\/www.poinger.de\/wp-content\/uploads\/2023\/03\/PO-GBi7R1-R-300x203.png 300w\" sizes=\"(max-width: 150px) 100vw, 150px\" \/><\/td><\/tr><tr><td>PO-RT-R2<\/td><td>Estaci\u00f3n de trabajo para revisi\u00f3n con sistema operativo y probada para aplicaci\u00f3n de c\u00e1mara<\/td><td><img decoding=\"async\" width=\"150\" height=\"101\" class=\"wp-image-1960\" style=\"width: 150px;\" src=\"https:\/\/www.poinger.de\/wp-content\/uploads\/2023\/03\/PO-RT-R2.png\" alt=\"\" srcset=\"https:\/\/www.poinger.de\/wp-content\/uploads\/2023\/03\/PO-RT-R2.png 400w, https:\/\/www.poinger.de\/wp-content\/uploads\/2023\/03\/PO-RT-R2-300x203.png 300w\" sizes=\"(max-width: 150px) 100vw, 150px\" \/><\/td><\/tr><tr><td>PO-SW1<\/td><td>Software de gesti\u00f3n para videovigilancia de c\u00e1maras<\/td><td><img decoding=\"async\" width=\"150\" height=\"101\" class=\"wp-image-1947\" style=\"width: 150px;\" src=\"https:\/\/www.poinger.de\/wp-content\/uploads\/2023\/03\/sw.png\" alt=\"\" srcset=\"https:\/\/www.poinger.de\/wp-content\/uploads\/2023\/03\/sw.png 400w, https:\/\/www.poinger.de\/wp-content\/uploads\/2023\/03\/sw-300x203.png 300w\" sizes=\"(max-width: 150px) 100vw, 150px\" \/><\/td><\/tr><tr><td>IPC 26&#8243; x 10mm<\/td><td>Kit de montaje de computadora dentro de gabinetes de 19\u201d (Incluye deslizadores, tornillos y accesorios de montaje)<\/td><td><img loading=\"lazy\" decoding=\"async\" width=\"150\" height=\"100\" class=\"wp-image-1961\" style=\"width: 150px;\" src=\"https:\/\/www.poinger.de\/wp-content\/uploads\/2023\/03\/server-rails-scaled.webp\" alt=\"\" srcset=\"https:\/\/www.poinger.de\/wp-content\/uploads\/2023\/03\/server-rails-scaled.webp 2560w, https:\/\/www.poinger.de\/wp-content\/uploads\/2023\/03\/server-rails-scaled-600x402.webp 600w, https:\/\/www.poinger.de\/wp-content\/uploads\/2023\/03\/server-rails-300x201.webp 300w, https:\/\/www.poinger.de\/wp-content\/uploads\/2023\/03\/server-rails-1024x685.webp 1024w, https:\/\/www.poinger.de\/wp-content\/uploads\/2023\/03\/server-rails-768x514.webp 768w, https:\/\/www.poinger.de\/wp-content\/uploads\/2023\/03\/server-rails-1536x1028.webp 1536w, https:\/\/www.poinger.de\/wp-content\/uploads\/2023\/03\/server-rails-2048x1371.webp 2048w\" sizes=\"(max-width: 150px) 100vw, 150px\" \/><\/td><\/tr><tr><td>LED-23<\/td><td>LG ELECTRONICS LED 24\u201d, Resol.1920X1080 mult. Entradas de se\u00f1al VGA, HDMI<\/td><td><img loading=\"lazy\" decoding=\"async\" width=\"150\" height=\"101\" class=\"wp-image-1957\" style=\"width: 150px;\" src=\"https:\/\/www.poinger.de\/wp-content\/uploads\/2023\/03\/LED-24.png\" alt=\"\" srcset=\"https:\/\/www.poinger.de\/wp-content\/uploads\/2023\/03\/LED-24.png 400w, https:\/\/www.poinger.de\/wp-content\/uploads\/2023\/03\/LED-24-300x203.png 300w\" sizes=\"(max-width: 150px) 100vw, 150px\" \/><\/td><\/tr><tr><td>LED-42<\/td><td>LG ELECTRONICS 42\u201d LED, Resol.1920X1080 mult. Entradas de se\u00f1al VGA, HDMI<\/td><td><img loading=\"lazy\" decoding=\"async\" width=\"150\" height=\"101\" class=\"wp-image-1958\" style=\"width: 150px;\" src=\"https:\/\/www.poinger.de\/wp-content\/uploads\/2023\/03\/LED-42.png\" alt=\"\" srcset=\"https:\/\/www.poinger.de\/wp-content\/uploads\/2023\/03\/LED-42.png 400w, https:\/\/www.poinger.de\/wp-content\/uploads\/2023\/03\/LED-42-300x203.png 300w\" sizes=\"(max-width: 150px) 100vw, 150px\" \/><\/td><\/tr><tr><td>119329<\/td><td>Cable adaptador digital HDMI\/-DVI 10,0m, M\/M, negro, HQ<\/td><td><img loading=\"lazy\" decoding=\"async\" width=\"150\" height=\"101\" class=\"wp-image-1948\" style=\"width: 150px;\" src=\"https:\/\/www.poinger.de\/wp-content\/uploads\/2023\/03\/119329.png\" alt=\"\" srcset=\"https:\/\/www.poinger.de\/wp-content\/uploads\/2023\/03\/119329.png 400w, https:\/\/www.poinger.de\/wp-content\/uploads\/2023\/03\/119329-300x203.png 300w\" sizes=\"(max-width: 150px) 100vw, 150px\" \/><\/td><\/tr><tr><td>119357<\/td><td>Cable HDMI de alta velocidad LC M\/M 10m, con Ethernet, negro<\/td><td><img loading=\"lazy\" decoding=\"async\" width=\"150\" height=\"101\" class=\"wp-image-1949\" style=\"width: 150px;\" src=\"https:\/\/www.poinger.de\/wp-content\/uploads\/2023\/03\/119357.png\" alt=\"\" srcset=\"https:\/\/www.poinger.de\/wp-content\/uploads\/2023\/03\/119357.png 400w, https:\/\/www.poinger.de\/wp-content\/uploads\/2023\/03\/119357-300x203.png 300w\" sizes=\"(max-width: 150px) 100vw, 150px\" \/><\/td><\/tr><tr><td>650312<\/td><td>Monitores de Pared de 32\u201d a 55\u201d, Inclinaci\u00f3n Flexible hasta 15\u00ba, Base Est\u00e1ndar, Material: Acero<\/td><td><img loading=\"lazy\" decoding=\"async\" width=\"150\" height=\"101\" class=\"wp-image-1953\" style=\"width: 150px;\" src=\"https:\/\/www.poinger.de\/wp-content\/uploads\/2023\/03\/650312.png\" alt=\"\" srcset=\"https:\/\/www.poinger.de\/wp-content\/uploads\/2023\/03\/650312.png 400w, https:\/\/www.poinger.de\/wp-content\/uploads\/2023\/03\/650312-300x203.png 300w\" sizes=\"(max-width: 150px) 100vw, 150px\" \/><\/td><\/tr><tr><td>629547-23<\/td><td><br>Extensi\u00f3n de 4 Puertos USB (3.0 \/ 2.0 \/ 1.1) incluye transformador (12V \/ 4A)<\/td><td><img loading=\"lazy\" decoding=\"async\" width=\"150\" height=\"101\" class=\"wp-image-1952\" style=\"width: 150px;\" src=\"https:\/\/www.poinger.de\/wp-content\/uploads\/2023\/03\/629547-23.png\" alt=\"\" srcset=\"https:\/\/www.poinger.de\/wp-content\/uploads\/2023\/03\/629547-23.png 400w, https:\/\/www.poinger.de\/wp-content\/uploads\/2023\/03\/629547-23-300x203.png 300w\" sizes=\"(max-width: 150px) 100vw, 150px\" \/><\/td><\/tr><tr><td>128852<\/td><td>Cable de extensi\u00f3n USB 2.0 A-&gt;A 5.0 mm M\/F, negro<\/td><td><img loading=\"lazy\" decoding=\"async\" width=\"150\" height=\"101\" class=\"wp-image-1950\" style=\"width: 150px;\" src=\"https:\/\/www.poinger.de\/wp-content\/uploads\/2023\/03\/128852.png\" alt=\"\" srcset=\"https:\/\/www.poinger.de\/wp-content\/uploads\/2023\/03\/128852.png 400w, https:\/\/www.poinger.de\/wp-content\/uploads\/2023\/03\/128852-300x203.png 300w\" sizes=\"(max-width: 150px) 100vw, 150px\" \/><\/td><\/tr><tr><td>133310<\/td><td>Cable activo para largas distancias USB 2.0 10m<\/td><td><img loading=\"lazy\" decoding=\"async\" width=\"150\" height=\"101\" class=\"wp-image-1951\" style=\"width: 150px;\" src=\"https:\/\/www.poinger.de\/wp-content\/uploads\/2023\/03\/133310.png\" alt=\"\" srcset=\"https:\/\/www.poinger.de\/wp-content\/uploads\/2023\/03\/133310.png 400w, https:\/\/www.poinger.de\/wp-content\/uploads\/2023\/03\/133310-300x203.png 300w\" sizes=\"(max-width: 150px) 100vw, 150px\" \/><\/td><\/tr><tr><td>IPD USB\/CAS-4200<\/td><td>Bastoncillo de mando USB para c\u00e1maras m\u00f3viles PTZ<\/td><td><img loading=\"lazy\" decoding=\"async\" width=\"150\" height=\"101\" class=\"wp-image-1955\" style=\"width: 150px;\" src=\"https:\/\/www.poinger.de\/wp-content\/uploads\/2023\/03\/IPD-USB-CAS-4200.png\" alt=\"\" srcset=\"https:\/\/www.poinger.de\/wp-content\/uploads\/2023\/03\/IPD-USB-CAS-4200.png 400w, https:\/\/www.poinger.de\/wp-content\/uploads\/2023\/03\/IPD-USB-CAS-4200-300x203.png 300w\" sizes=\"(max-width: 150px) 100vw, 150px\" \/><\/td><\/tr><tr><td>HDD4TB<\/td><td>Disco Duro 4TB; SATA 7200rpm, m\u00e1ximo 23 HDD<\/td><td><img loading=\"lazy\" decoding=\"async\" width=\"150\" height=\"101\" class=\"wp-image-1954\" style=\"width: 150px;\" src=\"https:\/\/www.poinger.de\/wp-content\/uploads\/2023\/03\/hdd.png\" alt=\"\" srcset=\"https:\/\/www.poinger.de\/wp-content\/uploads\/2023\/03\/hdd.png 400w, https:\/\/www.poinger.de\/wp-content\/uploads\/2023\/03\/hdd-300x203.png 300w\" sizes=\"(max-width: 150px) 100vw, 150px\" \/><\/td><\/tr><tr><td>HDD8TB<\/td><td>Disco duro de 8 TB; SATA 7200rpm, m\u00e1ximo 23 HDD<\/td><td><img loading=\"lazy\" decoding=\"async\" width=\"150\" height=\"101\" class=\"wp-image-1954\" style=\"width: 150px;\" src=\"https:\/\/www.poinger.de\/wp-content\/uploads\/2023\/03\/hdd.png\" alt=\"\" srcset=\"https:\/\/www.poinger.de\/wp-content\/uploads\/2023\/03\/hdd.png 400w, https:\/\/www.poinger.de\/wp-content\/uploads\/2023\/03\/hdd-300x203.png 300w\" sizes=\"(max-width: 150px) 100vw, 150px\" \/><\/td><\/tr><\/tbody><\/table><\/figure>\n<\/div>","protected":false},"excerpt":{"rendered":"<p>Standard CCTV System Main Features Article Description Image PO-GBi7R1-R Review Computer PO-RT-R2 Workstation for revision with an operating system and tested for camera application PO-SW1 Management software for video surveillance of cameras IPC 26&#8243; x 10mm Computer Mounting Kit Inside 19 &#8220;Cabinets (Includes Slides, Screws, and Mounting Accessories) LED-23 LG ELECTRONICS LED 24 &#8220;, Resol.1920X1080 [&hellip;]<\/p>\n","protected":false},"author":4,"featured_media":0,"parent":0,"menu_order":0,"comment_status":"closed","ping_status":"closed","template":"","meta":{"_uag_custom_page_level_css":"","site-sidebar-layout":"default","site-content-layout":"","ast-site-content-layout":"default","site-content-style":"default","site-sidebar-style":"default","ast-global-header-display":"","ast-banner-title-visibility":"","ast-main-header-display":"","ast-hfb-above-header-display":"","ast-hfb-below-header-display":"","ast-hfb-mobile-header-display":"","site-post-title":"","ast-breadcrumbs-content":"","ast-featured-img":"","footer-sml-layout":"","ast-disable-related-posts":"","theme-transparent-header-meta":"","adv-header-id-meta":"","stick-header-meta":"","header-above-stick-meta":"","header-main-stick-meta":"","header-below-stick-meta":"","astra-migrate-meta-layouts":"default","ast-page-background-enabled":"default","ast-page-background-meta":{"desktop":{"background-color":"","background-image":"","background-repeat":"repeat","background-position":"center center","background-size":"auto","background-attachment":"scroll","background-type":"","background-media":"","overlay-type":"","overlay-color":"","overlay-opacity":"","overlay-gradient":""},"tablet":{"background-color":"","background-image":"","background-repeat":"repeat","background-position":"center center","background-size":"auto","background-attachment":"scroll","background-type":"","background-media":"","overlay-type":"","overlay-color":"","overlay-opacity":"","overlay-gradient":""},"mobile":{"background-color":"","background-image":"","background-repeat":"repeat","background-position":"center center","background-size":"auto","background-attachment":"scroll","background-type":"","background-media":"","overlay-type":"","overlay-color":"","overlay-opacity":"","overlay-gradient":""}},"ast-content-background-meta":{"desktop":{"background-color":"var(--ast-global-color-5)","background-image":"","background-repeat":"repeat","background-position":"center center","background-size":"auto","background-attachment":"scroll","background-type":"","background-media":"","overlay-type":"","overlay-color":"","overlay-opacity":"","overlay-gradient":""},"tablet":{"background-color":"var(--ast-global-color-5)","background-image":"","background-repeat":"repeat","background-position":"center center","background-size":"auto","background-attachment":"scroll","background-type":"","background-media":"","overlay-type":"","overlay-color":"","overlay-opacity":"","overlay-gradient":""},"mobile":{"background-color":"var(--ast-global-color-5)","background-image":"","background-repeat":"repeat","background-position":"center center","background-size":"auto","background-attachment":"scroll","background-type":"","background-media":"","overlay-type":"","overlay-color":"","overlay-opacity":"","overlay-gradient":""}},"footnotes":""},"class_list":["post-1981","page","type-page","status-publish","hentry"],"uagb_featured_image_src":{"full":false,"thumbnail":false,"medium":false,"medium_large":false,"large":false,"1536x1536":false,"2048x2048":false,"trp-custom-language-flag":false,"mailpoet_newsletter_max":false,"woocommerce_thumbnail":false,"woocommerce_single":false,"woocommerce_gallery_thumbnail":false},"uagb_author_info":{"display_name":"Jeanny Marivi Ch\u00e1vez Camaraza","author_link":"http:\/\/www.poinger.de\/es\/author\/jeanny\/"},"uagb_comment_info":0,"uagb_excerpt":"Standard CCTV System Main Features Article Description Image PO-GBi7R1-R Review Computer PO-RT-R2 Workstation for revision with an operating system and tested for camera application PO-SW1 Management software for video surveillance of cameras IPC 26&#8243; x 10mm Computer Mounting Kit Inside 19 &#8220;Cabinets (Includes Slides, Screws, and Mounting Accessories) LED-23 LG ELECTRONICS LED 24 &#8220;, Resol.1920X1080&hellip;","_links":{"self":[{"href":"http:\/\/www.poinger.de\/es\/wp-json\/wp\/v2\/pages\/1981","targetHints":{"allow":["GET"]}}],"collection":[{"href":"http:\/\/www.poinger.de\/es\/wp-json\/wp\/v2\/pages"}],"about":[{"href":"http:\/\/www.poinger.de\/es\/wp-json\/wp\/v2\/types\/page"}],"author":[{"embeddable":true,"href":"http:\/\/www.poinger.de\/es\/wp-json\/wp\/v2\/users\/4"}],"replies":[{"embeddable":true,"href":"http:\/\/www.poinger.de\/es\/wp-json\/wp\/v2\/comments?post=1981"}],"version-history":[{"count":23,"href":"http:\/\/www.poinger.de\/es\/wp-json\/wp\/v2\/pages\/1981\/revisions"}],"predecessor-version":[{"id":3318,"href":"http:\/\/www.poinger.de\/es\/wp-json\/wp\/v2\/pages\/1981\/revisions\/3318"}],"wp:attachment":[{"href":"http:\/\/www.poinger.de\/es\/wp-json\/wp\/v2\/media?parent=1981"}],"curies":[{"name":"wp","href":"https:\/\/api.w.org\/{rel}","templated":true}]}}